{"id":1318,"date":"2021-01-25T14:27:37","date_gmt":"2021-01-25T08:57:37","guid":{"rendered":"https:\/\/pcapital.mt\/?page_id=1318"},"modified":"2025-05-16T15:46:54","modified_gmt":"2025-05-16T10:16:54","slug":"imprint","status":"publish","type":"page","link":"https:\/\/pcapital.ch\/de\/imprint\/","title":{"rendered":"Impressum"},"content":{"rendered":"<div data-elementor-type=\"wp-page\" data-elementor-id=\"1318\" class=\"elementor elementor-1318\" data-elementor-post-type=\"page\">\n\t\t\t\t<div class=\"elementor-element elementor-element-c62938e e-flex e-con-boxed e-con e-parent\" data-id=\"c62938e\" data-element_type=\"container\" data-e-type=\"container\">\n\t\t\t\t\t<div class=\"e-con-inner\">\n\t\t\t\t<div class=\"elementor-element elementor-element-ecc9f9b elementor-widget elementor-widget-heading\" data-id=\"ecc9f9b\" data-element_type=\"widget\" data-e-type=\"widget\" data-widget_type=\"heading.default\">\n\t\t\t\t<div class=\"elementor-widget-container\">\n\t\t\t\t\t<h3 class=\"elementor-heading-title elementor-size-default\">Impressum<\/h3>\t\t\t\t<\/div>\n\t\t\t\t<\/div>\n\t\t\t\t<div class=\"elementor-element elementor-element-218272e elementor-widget elementor-widget-heading\" data-id=\"218272e\" data-element_type=\"widget\" data-e-type=\"widget\" data-widget_type=\"heading.default\">\n\t\t\t\t<div class=\"elementor-widget-container\">\n\t\t\t\t\t<p class=\"elementor-heading-title elementor-size-default\">BITTE LESEN SIE DIESE NUTZUNGSBEDINGUNGEN SORGF\u00c4LTIG DURCH, BEVOR SIE DIESE WEBSITE NUTZEN.<\/p>\t\t\t\t<\/div>\n\t\t\t\t<\/div>\n\t\t\t\t<div class=\"elementor-element elementor-element-870d026 elementor-widget elementor-widget-text-editor\" data-id=\"870d026\" data-element_type=\"widget\" data-e-type=\"widget\" data-widget_type=\"text-editor.default\">\n\t\t\t\t<div class=\"elementor-widget-container\">\n\t\t\t\t\t\t\t\t\t<p>Durch die Nutzung dieser Website erkl\u00e4ren Sie, dass Sie diese Nutzungsbedingungen gelesen, verstanden und akzeptiert haben. Wenn Sie mit diesen Bedingungen nicht einverstanden sind, beenden Sie bitte die Nutzung dieser Website.<\/p>\t\t\t\t\t\t\t\t<\/div>\n\t\t\t\t<\/div>\n\t\t\t\t<div class=\"elementor-element elementor-element-d27c792 elementor-widget elementor-widget-heading\" data-id=\"d27c792\" data-element_type=\"widget\" data-e-type=\"widget\" data-widget_type=\"heading.default\">\n\t\t\t\t<div class=\"elementor-widget-container\">\n\t\t\t\t\t<p class=\"elementor-heading-title elementor-size-default\">Einschr\u00e4nkungen bei der Verwendung von Materialien<\/p>\t\t\t\t<\/div>\n\t\t\t\t<\/div>\n\t\t\t\t<div class=\"elementor-element elementor-element-6c4e675 elementor-widget elementor-widget-text-editor\" data-id=\"6c4e675\" data-element_type=\"widget\" data-e-type=\"widget\" data-widget_type=\"text-editor.default\">\n\t\t\t\t<div class=\"elementor-widget-container\">\n\t\t\t\t\t\t\t\t\t<p>Diese Website und alle hierin enthaltenen Materialien, einschlie\u00dflich des Gestaltungselements, sind Eigentum von Perpetuum Capital und \/ oder urheberrechtlich gesch\u00fctzt. Ohne die vorherige schriftliche Genehmigung von Perpetuum Capital darf kein Material von dieser Website ohne vorherige schriftliche Genehmigung von Perpetuum Capital ge\u00e4ndert, kopiert, verteilt, \u00fcbertragen, angezeigt, reproduziert, erneut ver\u00f6ffentlicht, verkauft oder \u00fcbertragen werden, es sei denn, Sie d\u00fcrfen eine Kopie des Materials auf eine Website herunterladen Einzelcomputer f\u00fcr den eigenen Gebrauch. Grafiken und Bilder auf dieser Website sind urheberrechtlich gesch\u00fctzt und d\u00fcrfen ohne die schriftliche Genehmigung ihrer Eigent\u00fcmer in keiner Weise reproduziert oder verwendet werden. Die genannten Produkt- und Firmennamen k\u00f6nnen Marken oder eingetragene Marken ihrer Eigent\u00fcmer sein.<\/p>\t\t\t\t\t\t\t\t<\/div>\n\t\t\t\t<\/div>\n\t\t\t\t<div class=\"elementor-element elementor-element-8d580e0 elementor-widget elementor-widget-heading\" data-id=\"8d580e0\" data-element_type=\"widget\" data-e-type=\"widget\" data-widget_type=\"heading.default\">\n\t\t\t\t<div class=\"elementor-widget-container\">\n\t\t\t\t\t<p class=\"elementor-heading-title elementor-size-default\">Keine Darstellung<\/p>\t\t\t\t<\/div>\n\t\t\t\t<\/div>\n\t\t\t\t<div class=\"elementor-element elementor-element-59c4502 elementor-widget elementor-widget-text-editor\" data-id=\"59c4502\" data-element_type=\"widget\" data-e-type=\"widget\" data-widget_type=\"text-editor.default\">\n\t\t\t\t<div class=\"elementor-widget-container\">\n\t\t\t\t\t\t\t\t\t<p>Obwohl bei der Einrichtung und Wartung dieser Website angemessene Sorgfalt angewendet wurde, wird keine Zusicherung oder Garantie (weder ausdr\u00fccklich noch stillschweigend) hinsichtlich der Vollst\u00e4ndigkeit, Richtigkeit, Richtigkeit oder Zuverl\u00e4ssigkeit der hierin enthaltenen Informationen und Materialien oder des Ergebnisses gegeben ihrer Verwendung. Sie sollten Informationen immer \u00fcberpr\u00fcfen, bevor Sie darauf reagieren. Informationen auf dieser Website k\u00f6nnen technische Ungenauigkeiten oder Tippfehler enthalten. Von Zeit zu Zeit k\u00f6nnen \u00c4nderungen an den hierin enthaltenen Informationen vorgenommen werden. Perpetuum Capital beh\u00e4lt sich das Recht vor, \u00c4nderungen an dieser Website jederzeit nach eigenem Ermessen ohne vorherige Ank\u00fcndigung vorzunehmen. Perpetuum Capital beh\u00e4lt sich das Recht vor, jedermann jederzeit den Zugriff auf diese Website zu verweigern.<\/p>\t\t\t\t\t\t\t\t<\/div>\n\t\t\t\t<\/div>\n\t\t\t\t<div class=\"elementor-element elementor-element-c678d97 elementor-widget elementor-widget-heading\" data-id=\"c678d97\" data-element_type=\"widget\" data-e-type=\"widget\" data-widget_type=\"heading.default\">\n\t\t\t\t<div class=\"elementor-widget-container\">\n\t\t\t\t\t<p class=\"elementor-heading-title elementor-size-default\">Haftungsausschluss<\/p>\t\t\t\t<\/div>\n\t\t\t\t<\/div>\n\t\t\t\t<div class=\"elementor-element elementor-element-7d5c18e elementor-widget elementor-widget-text-editor\" data-id=\"7d5c18e\" data-element_type=\"widget\" data-e-type=\"widget\" data-widget_type=\"text-editor.default\">\n\t\t\t\t<div class=\"elementor-widget-container\">\n\t\t\t\t\t\t\t\t\t<p>Die Informationen und Materialien auf dieser Website werden \"wie sie sind\" und ohne ausdr\u00fcckliche oder stillschweigende Garantien jeglicher Art bereitgestellt. Perpetuum Capital lehnt, soweit dies zul\u00e4ssig und vorbehaltlich des geltenden Rechts zul\u00e4ssig ist, alle ausdr\u00fccklichen oder stillschweigenden Garantien ab. Perpetuum Capital garantiert nicht, dass die in den Materialien enthaltenen Funktionen ununterbrochen oder fehlerfrei sind oder dass Fehler behoben werden oder dass diese Website oder der Server, der sie zur Verf\u00fcgung stellt, frei von Viren oder anderen sch\u00e4dlichen Elementen ist.<\/p>\t\t\t\t\t\t\t\t<\/div>\n\t\t\t\t<\/div>\n\t\t\t\t<div class=\"elementor-element elementor-element-31610b2 elementor-widget elementor-widget-heading\" data-id=\"31610b2\" data-element_type=\"widget\" data-e-type=\"widget\" data-widget_type=\"heading.default\">\n\t\t\t\t<div class=\"elementor-widget-container\">\n\t\t\t\t\t<p class=\"elementor-heading-title elementor-size-default\">Haftungsbeschr\u00e4nkung<\/p>\t\t\t\t<\/div>\n\t\t\t\t<\/div>\n\t\t\t\t<div class=\"elementor-element elementor-element-7d89a5a elementor-widget elementor-widget-text-editor\" data-id=\"7d89a5a\" data-element_type=\"widget\" data-e-type=\"widget\" data-widget_type=\"text-editor.default\">\n\t\t\t\t<div class=\"elementor-widget-container\">\n\t\t\t\t\t\t\t\t\t<p>Perpetuum Capital haftet nicht (soweit dies nach geltendem Recht zul\u00e4ssig ist) f\u00fcr direkte, indirekte, zuf\u00e4llige, strafende oder Folgesch\u00e4den in Bezug auf Informationen oder Inhalte, die auf dieser Website enthalten sind oder auf andere Weise \u00fcber diese Website abgerufen werden, oder f\u00fcr ergriffene Ma\u00dfnahmen unter Berufung darauf, dass Perpetuum Capital oder sein Bevollm\u00e4chtigter auf die M\u00f6glichkeit solcher Sch\u00e4den hingewiesen wurde.<\/p>\t\t\t\t\t\t\t\t<\/div>\n\t\t\t\t<\/div>\n\t\t\t\t<div class=\"elementor-element elementor-element-5270066 elementor-widget elementor-widget-heading\" data-id=\"5270066\" data-element_type=\"widget\" data-e-type=\"widget\" data-widget_type=\"heading.default\">\n\t\t\t\t<div class=\"elementor-widget-container\">\n\t\t\t\t\t<p class=\"elementor-heading-title elementor-size-default\">Links zu anderen Websites<\/p>\t\t\t\t<\/div>\n\t\t\t\t<\/div>\n\t\t\t\t<div class=\"elementor-element elementor-element-0a947d7 elementor-widget elementor-widget-text-editor\" data-id=\"0a947d7\" data-element_type=\"widget\" data-e-type=\"widget\" data-widget_type=\"text-editor.default\">\n\t\t\t\t<div class=\"elementor-widget-container\">\n\t\t\t\t\t\t\t\t\t<p>Diese Website kann Links zu anderen Websites enthalten, die von Dritten gepflegt werden. Ebenso k\u00f6nnen andere Websites Links zu dieser Website enthalten. Perpetuum Capital ist nicht verantwortlich f\u00fcr den Inhalt der Websites dieser Dritten und haftet nicht f\u00fcr Sch\u00e4den oder Verletzungen, die durch den Inhalt dieser Websites entstehen. Alle Links zu anderen Websites werden ausschlie\u00dflich zu Ihrer Bequemlichkeit bereitgestellt und bedeuten nicht, dass Perpetuum Capital die verlinkten Websites billigt oder mit deren Betreibern in Verbindung steht. Perpetuum Capital lehnt jede Verantwortung und Haftung f\u00fcr die Nutzung verlinkter Websites ab, auf die auf eigenes Risiko des Benutzers zugegriffen und diese verwendet werden. Jeder Dritte, der Links zu dieser Website erstellen m\u00f6chte, sollte Perpetuum Capital zuvor \u00fcber seine Absicht informieren. Perpetuum Capital beh\u00e4lt sich das Recht vor, die Erlaubnis f\u00fcr solche Links zu dieser Website zu verweigern. Wenn Perpetuum Capital jedoch die Erlaubnis f\u00fcr solche Links erteilt, ist Perpetuum Capital nicht verpflichtet, gegenseitige Links mit solchen Dritten herzustellen.<\/p>\t\t\t\t\t\t\t\t<\/div>\n\t\t\t\t<\/div>\n\t\t\t\t<div class=\"elementor-element elementor-element-07b3fc7 elementor-widget elementor-widget-heading\" data-id=\"07b3fc7\" data-element_type=\"widget\" data-e-type=\"widget\" data-widget_type=\"heading.default\">\n\t\t\t\t<div class=\"elementor-widget-container\">\n\t\t\t\t\t<p class=\"elementor-heading-title elementor-size-default\">Administration Office<\/p>\t\t\t\t<\/div>\n\t\t\t\t<\/div>\n\t\t\t\t<div class=\"elementor-element elementor-element-79545d8 elementor-widget elementor-widget-text-editor\" data-id=\"79545d8\" data-element_type=\"widget\" data-e-type=\"widget\" data-widget_type=\"text-editor.default\">\n\t\t\t\t<div class=\"elementor-widget-container\">\n\t\t\t\t\t\t\t\t\t<div>Perpetuum Capital Ltd.<\/div><div>Level 2, The Forum<\/div><div>Constitution Street<\/div><div>Mosta MST 9051<\/div><div>Malta<\/div>\t\t\t\t\t\t\t\t<\/div>\n\t\t\t\t<\/div>\n\t\t\t\t\t<\/div>\n\t\t\t\t<\/div>\n\t\t\t\t<\/div>","protected":false},"excerpt":{"rendered":"<p>Imprint PLEASE READ THESE TERMS OF USE CAREFULLY BEFORE USING THIS WEB SITE. By using this web site, you signify that you have read, understood and accepted these terms of use. If you do not agree with these terms, please terminate use of this site. Restrictions on use of materials\u200b This web site and all [&hellip;]<\/p>","protected":false},"author":1,"featured_media":0,"parent":0,"menu_order":0,"comment_status":"closed","ping_status":"closed","template":"elementor_header_footer","meta":{"_acf_changed":false,"footnotes":""},"class_list":["post-1318","page","type-page","status-publish","hentry"],"acf":[],"yoast_head":"<!-- This site is optimized with the Yoast SEO plugin v26.9 - https:\/\/yoast.com\/product\/yoast-seo-wordpress\/ -->\n<title>Imprint - Perpetuum Capital Ltd.<\/title>\n<meta name=\"description\" content=\"At Perpetuum Capital, we pride ourselves on building amazing apps. We focus on brick and mortar SMEs that want to level up. that enhance business capability, add convenience for clients and the business, creating a better brand, and ultimately, opening new revenue streams.\" \/>\n<meta name=\"robots\" content=\"index, follow, max-snippet:-1, max-image-preview:large, max-video-preview:-1\" \/>\n<link rel=\"canonical\" href=\"https:\/\/pcapital.ch\/de\/imprint\/\" \/>\n<meta property=\"og:locale\" content=\"de_DE\" \/>\n<meta property=\"og:type\" content=\"article\" \/>\n<meta property=\"og:title\" content=\"Imprint - Perpetuum Capital Ltd.\" \/>\n<meta property=\"og:description\" content=\"At Perpetuum Capital, we pride ourselves on building amazing apps. We focus on brick and mortar SMEs that want to level up. that enhance business capability, add convenience for clients and the business, creating a better brand, and ultimately, opening new revenue streams.\" \/>\n<meta property=\"og:url\" content=\"https:\/\/pcapital.ch\/de\/imprint\/\" \/>\n<meta property=\"og:site_name\" content=\"Perpetuum Capital Ltd.\" \/>\n<meta property=\"article:modified_time\" content=\"2025-05-16T10:16:54+00:00\" \/>\n<meta name=\"twitter:card\" content=\"summary_large_image\" \/>\n<meta name=\"twitter:label1\" content=\"Gesch\u00e4tzte Lesezeit\" \/>\n\t<meta name=\"twitter:data1\" content=\"3\u00a0Minuten\" \/>\n<script type=\"application\/ld+json\" class=\"yoast-schema-graph\">{\"@context\":\"https:\/\/schema.org\",\"@graph\":[{\"@type\":\"WebPage\",\"@id\":\"https:\/\/pcapital.ch\/imprint\/\",\"url\":\"https:\/\/pcapital.ch\/imprint\/\",\"name\":\"Imprint - Perpetuum Capital Ltd.\",\"isPartOf\":{\"@id\":\"https:\/\/pcapital.ch\/#website\"},\"datePublished\":\"2021-01-25T08:57:37+00:00\",\"dateModified\":\"2025-05-16T10:16:54+00:00\",\"description\":\"At Perpetuum Capital, we pride ourselves on building amazing apps. We focus on brick and mortar SMEs that want to level up. that enhance business capability, add convenience for clients and the business, creating a better brand, and ultimately, opening new revenue streams.\",\"breadcrumb\":{\"@id\":\"https:\/\/pcapital.ch\/imprint\/#breadcrumb\"},\"inLanguage\":\"de\",\"potentialAction\":[{\"@type\":\"ReadAction\",\"target\":[\"https:\/\/pcapital.ch\/imprint\/\"]}]},{\"@type\":\"BreadcrumbList\",\"@id\":\"https:\/\/pcapital.ch\/imprint\/#breadcrumb\",\"itemListElement\":[{\"@type\":\"ListItem\",\"position\":1,\"name\":\"Home\",\"item\":\"https:\/\/pcapital.ch\/\"},{\"@type\":\"ListItem\",\"position\":2,\"name\":\"Imprint\"}]},{\"@type\":\"WebSite\",\"@id\":\"https:\/\/pcapital.ch\/#website\",\"url\":\"https:\/\/pcapital.ch\/\",\"name\":\"Perpetuum Capital Ltd.\",\"description\":\"Building trust. Forging reputations.\",\"publisher\":{\"@id\":\"https:\/\/pcapital.ch\/#organization\"},\"potentialAction\":[{\"@type\":\"SearchAction\",\"target\":{\"@type\":\"EntryPoint\",\"urlTemplate\":\"https:\/\/pcapital.ch\/?s={search_term_string}\"},\"query-input\":{\"@type\":\"PropertyValueSpecification\",\"valueRequired\":true,\"valueName\":\"search_term_string\"}}],\"inLanguage\":\"de\"},{\"@type\":\"Organization\",\"@id\":\"https:\/\/pcapital.ch\/#organization\",\"name\":\"Perpetuum Capital\",\"url\":\"https:\/\/pcapital.ch\/\",\"logo\":{\"@type\":\"ImageObject\",\"inLanguage\":\"de\",\"@id\":\"https:\/\/pcapital.ch\/#\/schema\/logo\/image\/\",\"url\":\"https:\/\/pcapital.ch\/wp-content\/uploads\/2021\/02\/Untitled-2.png\",\"contentUrl\":\"https:\/\/pcapital.ch\/wp-content\/uploads\/2021\/02\/Untitled-2.png\",\"width\":756,\"height\":237,\"caption\":\"Perpetuum Capital\"},\"image\":{\"@id\":\"https:\/\/pcapital.ch\/#\/schema\/logo\/image\/\"}}]}<\/script>\n<!-- \/ Yoast SEO plugin. -->","yoast_head_json":{"title":"Imprint - Perpetuum Capital Ltd.","description":"At Perpetuum Capital, we pride ourselves on building amazing apps. We focus on brick and mortar SMEs that want to level up. that enhance business capability, add convenience for clients and the business, creating a better brand, and ultimately, opening new revenue streams.","robots":{"index":"index","follow":"follow","max-snippet":"max-snippet:-1","max-image-preview":"max-image-preview:large","max-video-preview":"max-video-preview:-1"},"canonical":"https:\/\/pcapital.ch\/de\/imprint\/","og_locale":"de_DE","og_type":"article","og_title":"Imprint - Perpetuum Capital Ltd.","og_description":"At Perpetuum Capital, we pride ourselves on building amazing apps. We focus on brick and mortar SMEs that want to level up. that enhance business capability, add convenience for clients and the business, creating a better brand, and ultimately, opening new revenue streams.","og_url":"https:\/\/pcapital.ch\/de\/imprint\/","og_site_name":"Perpetuum Capital Ltd.","article_modified_time":"2025-05-16T10:16:54+00:00","twitter_card":"summary_large_image","twitter_misc":{"Gesch\u00e4tzte Lesezeit":"3\u00a0Minuten"},"schema":{"@context":"https:\/\/schema.org","@graph":[{"@type":"WebPage","@id":"https:\/\/pcapital.ch\/imprint\/","url":"https:\/\/pcapital.ch\/imprint\/","name":"Imprint - Perpetuum Capital Ltd.","isPartOf":{"@id":"https:\/\/pcapital.ch\/#website"},"datePublished":"2021-01-25T08:57:37+00:00","dateModified":"2025-05-16T10:16:54+00:00","description":"At Perpetuum Capital, we pride ourselves on building amazing apps. We focus on brick and mortar SMEs that want to level up. that enhance business capability, add convenience for clients and the business, creating a better brand, and ultimately, opening new revenue streams.","breadcrumb":{"@id":"https:\/\/pcapital.ch\/imprint\/#breadcrumb"},"inLanguage":"de","potentialAction":[{"@type":"ReadAction","target":["https:\/\/pcapital.ch\/imprint\/"]}]},{"@type":"BreadcrumbList","@id":"https:\/\/pcapital.ch\/imprint\/#breadcrumb","itemListElement":[{"@type":"ListItem","position":1,"name":"Home","item":"https:\/\/pcapital.ch\/"},{"@type":"ListItem","position":2,"name":"Imprint"}]},{"@type":"WebSite","@id":"https:\/\/pcapital.ch\/#website","url":"https:\/\/pcapital.ch\/","name":"Perpetuum Capital Ltd.","description":"Vertrauen aufbauen. Reputation sch\u00fctzen.","publisher":{"@id":"https:\/\/pcapital.ch\/#organization"},"potentialAction":[{"@type":"SearchAction","target":{"@type":"EntryPoint","urlTemplate":"https:\/\/pcapital.ch\/?s={search_term_string}"},"query-input":{"@type":"PropertyValueSpecification","valueRequired":true,"valueName":"search_term_string"}}],"inLanguage":"de"},{"@type":"Organization","@id":"https:\/\/pcapital.ch\/#organization","name":"Perpetuum Capital","url":"https:\/\/pcapital.ch\/","logo":{"@type":"ImageObject","inLanguage":"de","@id":"https:\/\/pcapital.ch\/#\/schema\/logo\/image\/","url":"https:\/\/pcapital.ch\/wp-content\/uploads\/2021\/02\/Untitled-2.png","contentUrl":"https:\/\/pcapital.ch\/wp-content\/uploads\/2021\/02\/Untitled-2.png","width":756,"height":237,"caption":"Perpetuum Capital"},"image":{"@id":"https:\/\/pcapital.ch\/#\/schema\/logo\/image\/"}}]}},"_links":{"self":[{"href":"https:\/\/pcapital.ch\/de\/wp-json\/wp\/v2\/pages\/1318","targetHints":{"allow":["GET"]}}],"collection":[{"href":"https:\/\/pcapital.ch\/de\/wp-json\/wp\/v2\/pages"}],"about":[{"href":"https:\/\/pcapital.ch\/de\/wp-json\/wp\/v2\/types\/page"}],"author":[{"embeddable":true,"href":"https:\/\/pcapital.ch\/de\/wp-json\/wp\/v2\/users\/1"}],"replies":[{"embeddable":true,"href":"https:\/\/pcapital.ch\/de\/wp-json\/wp\/v2\/comments?post=1318"}],"version-history":[{"count":12,"href":"https:\/\/pcapital.ch\/de\/wp-json\/wp\/v2\/pages\/1318\/revisions"}],"predecessor-version":[{"id":13217,"href":"https:\/\/pcapital.ch\/de\/wp-json\/wp\/v2\/pages\/1318\/revisions\/13217"}],"wp:attachment":[{"href":"https:\/\/pcapital.ch\/de\/wp-json\/wp\/v2\/media?parent=1318"}],"curies":[{"name":"wp","href":"https:\/\/api.w.org\/{rel}","templated":true}]}}