{"id":14950,"date":"2025-06-05T12:55:27","date_gmt":"2025-06-05T07:25:27","guid":{"rendered":"https:\/\/pcapital.ch\/?page_id=14950"},"modified":"2025-06-10T14:31:36","modified_gmt":"2025-06-10T09:01:36","slug":"de-risk-management-products","status":"publish","type":"page","link":"https:\/\/pcapital.ch\/de\/de-risk-management-products\/","title":{"rendered":"De RISK Management Products"},"content":{"rendered":"<div data-elementor-type=\"wp-page\" data-elementor-id=\"14950\" class=\"elementor elementor-14950\" data-elementor-post-type=\"page\">\n\t\t\t\t<div class=\"elementor-element elementor-element-e9b4aeb e-con-full e-flex e-con e-parent\" data-id=\"e9b4aeb\" data-element_type=\"container\" data-e-type=\"container\" data-settings=\"{&quot;background_background&quot;:&quot;classic&quot;}\">\n\t\t<div class=\"elementor-element elementor-element-6217d43 e-con-full e-flex e-con e-child\" data-id=\"6217d43\" data-element_type=\"container\" data-e-type=\"container\">\n\t\t\t\t<div class=\"elementor-element elementor-element-11703c7 elementor-widget elementor-widget-image\" data-id=\"11703c7\" data-element_type=\"widget\" data-e-type=\"widget\" data-widget_type=\"image.default\">\n\t\t\t\t<div class=\"elementor-widget-container\">\n\t\t\t\t\t\t\t\t\t\t\t\t\t\t\t<img decoding=\"async\" width=\"200\" height=\"67\" src=\"https:\/\/pcapital.ch\/wp-content\/uploads\/2025\/05\/Logo-1.png\" class=\"attachment-full size-full wp-image-10314\" alt=\"\" srcset=\"https:\/\/pcapital.ch\/wp-content\/uploads\/2025\/05\/Logo-1.png 200w, https:\/\/pcapital.ch\/wp-content\/uploads\/2025\/05\/Logo-1-18x6.png 18w, https:\/\/pcapital.ch\/wp-content\/uploads\/2025\/05\/Logo-1-64x21.png 64w\" sizes=\"(max-width: 200px) 100vw, 200px\" \/>\t\t\t\t\t\t\t\t\t\t\t\t\t\t\t<\/div>\n\t\t\t\t<\/div>\n\t\t<div class=\"elementor-element elementor-element-b25f504 e-con-full e-flex e-con e-child\" data-id=\"b25f504\" data-element_type=\"container\" data-e-type=\"container\">\n\t\t\t\t<div class=\"elementor-element elementor-element-6d620af elementor-widget elementor-widget-heading\" data-id=\"6d620af\" data-element_type=\"widget\" data-e-type=\"widget\" data-widget_type=\"heading.default\">\n\t\t\t\t<div class=\"elementor-widget-container\">\n\t\t\t\t\t<h2 class=\"elementor-heading-title elementor-size-default\">Fast geschafft! Nur noch ein paar Details...<\/h2>\t\t\t\t<\/div>\n\t\t\t\t<\/div>\n\t\t\t\t<div class=\"elementor-element elementor-element-98a75f4 elementor-widget elementor-widget-shortcode\" data-id=\"98a75f4\" data-element_type=\"widget\" data-e-type=\"widget\" data-widget_type=\"shortcode.default\">\n\t\t\t\t<div class=\"elementor-widget-container\">\n\t\t\t\t\t\t\t<div class=\"elementor-shortcode\"><div class=\"wpforms-container wpforms-container-full funnel-form document-review-application wpforms-render-modern\" id=\"wpforms-14961\"><form id=\"wpforms-form-14961\" class=\"wpforms-validate wpforms-form wpforms-ajax-form\" data-formid=\"14961\" method=\"post\" enctype=\"multipart\/form-data\" action=\"\/de\/wp-json\/wp\/v2\/pages\/14950\" data-token=\"a324a35894cfdeab444f01876f64fb88\" data-token-time=\"1776350176\" data-trp-original-action=\"\/de\/wp-json\/wp\/v2\/pages\/14950\"><noscript class=\"wpforms-error-noscript\">Bitte aktiviere JavaScript in deinem Browser, um dieses Formular fertigzustellen.<\/noscript><div class=\"wpforms-hidden\" id=\"wpforms-error-noscript\">Bitte aktiviere JavaScript in deinem Browser, um dieses Formular fertigzustellen.<\/div><div class=\"wpforms-field-container\"><div id=\"wpforms-14961-field_1-container\" class=\"wpforms-field wpforms-field-layout\" data-field-id=\"1\"><div class=\"wpforms-field-layout-columns wpforms-field-layout-preset-50-50\"><div class=\"wpforms-layout-column wpforms-layout-column-50\" ><div id=\"wpforms-14961-field_2-container\" class=\"wpforms-field wpforms-field-text\" data-field-id=\"2\"><label class=\"wpforms-field-label wpforms-label-hide\" for=\"wpforms-14961-field_2\" aria-hidden=\"false\">Name <span class=\"wpforms-required-label\" aria-hidden=\"true\">*<\/span><\/label><input type=\"text\" id=\"wpforms-14961-field_2\" class=\"wpforms-field-medium wpforms-field-required\" name=\"wpforms[fields][2]\" placeholder=\"Geben Sie Ihren Namen ein...\" aria-errormessage=\"wpforms-14961-field_2-error\" required><\/div><div id=\"wpforms-14961-field_4-container\" class=\"wpforms-field wpforms-field-text\" data-field-id=\"4\"><label class=\"wpforms-field-label wpforms-label-hide\" for=\"wpforms-14961-field_4\" aria-hidden=\"false\">Name der Firma <span class=\"wpforms-required-label\" aria-hidden=\"true\">*<\/span><\/label><input type=\"text\" id=\"wpforms-14961-field_4\" class=\"wpforms-field-medium wpforms-field-required\" name=\"wpforms[fields][4]\" placeholder=\"Geben Sie Ihren Firmennamen ein...\" aria-errormessage=\"wpforms-14961-field_4-error\" required><\/div><\/div><div class=\"wpforms-layout-column wpforms-layout-column-50\" ><div id=\"wpforms-14961-field_3-container\" class=\"wpforms-field wpforms-field-email\" data-field-id=\"3\"><label class=\"wpforms-field-label wpforms-label-hide\" for=\"wpforms-14961-field_3\" aria-hidden=\"false\">E-Mail <span class=\"wpforms-required-label\" aria-hidden=\"true\">*<\/span><\/label><input type=\"email\" id=\"wpforms-14961-field_3\" class=\"wpforms-field-medium wpforms-field-required\" name=\"wpforms[fields][3]\" placeholder=\"Geben Sie Ihre E-Mail-Adresse ein...\" spellcheck=\"false\" aria-errormessage=\"wpforms-14961-field_3-error\" required><\/div><div id=\"wpforms-14961-field_6-container\" class=\"wpforms-field wpforms-field-phone\" data-field-id=\"6\"><label class=\"wpforms-field-label wpforms-label-hide\" for=\"wpforms-14961-field_6\" aria-hidden=\"false\">Telefonnummer <span class=\"wpforms-required-label\" aria-hidden=\"true\">*<\/span><\/label><input type=\"tel\" id=\"wpforms-14961-field_6\" class=\"wpforms-field-medium wpforms-field-required wpforms-smart-phone-field\" data-rule-smart-phone-field=\"true\" name=\"wpforms[fields][6]\" placeholder=\"Geben Sie Ihre Telefonnummer ein...\" aria-label=\"Telefonnummer\" aria-errormessage=\"wpforms-14961-field_6-error\" required><\/div><\/div><\/div><\/div><div id=\"wpforms-14961-field_46-container\" class=\"wpforms-field wpforms-field-text\" data-field-id=\"46\"><label class=\"wpforms-field-label\" for=\"wpforms-14961-field_46\">Haben Sie derzeit einen formalen Prozess oder ein Rahmenwerk f\u00fcr das Risikomanagement etabliert? <span class=\"wpforms-required-label\" aria-hidden=\"true\">*<\/span><\/label><input type=\"text\" id=\"wpforms-14961-field_46\" class=\"wpforms-field-large wpforms-field-required\" name=\"wpforms[fields][46]\" placeholder=\"Geben Sie Ihre Antwort ein...\" aria-errormessage=\"wpforms-14961-field_46-error\" required><\/div><div id=\"wpforms-14961-field_47-container\" class=\"wpforms-field wpforms-field-text\" data-field-id=\"47\"><label class=\"wpforms-field-label\" for=\"wpforms-14961-field_47\">Wann wurde Ihr Risikoregister zuletzt \u00fcberpr\u00fcft oder aktualisiert? <span class=\"wpforms-required-label\" aria-hidden=\"true\">*<\/span><\/label><input type=\"text\" id=\"wpforms-14961-field_47\" class=\"wpforms-field-large wpforms-field-required\" name=\"wpforms[fields][47]\" placeholder=\"Geben Sie Ihre Antwort ein...\" aria-errormessage=\"wpforms-14961-field_47-error\" required><\/div><div id=\"wpforms-14961-field_48-container\" class=\"wpforms-field wpforms-field-text\" data-field-id=\"48\"><label class=\"wpforms-field-label\" for=\"wpforms-14961-field_48\">Gibt es Compliance-Anforderungen (z.\u202fB. ISO27001, DORA, NIS2), die Ihr Risikomanagement beeinflussen? <span class=\"wpforms-required-label\" aria-hidden=\"true\">*<\/span><\/label><input type=\"text\" id=\"wpforms-14961-field_48\" class=\"wpforms-field-large wpforms-field-required\" name=\"wpforms[fields][48]\" placeholder=\"Geben Sie Ihre Antwort ein...\" aria-errormessage=\"wpforms-14961-field_48-error\" required><\/div><div id=\"wpforms-14961-field_49-container\" class=\"wpforms-field wpforms-field-text\" data-field-id=\"49\"><label class=\"wpforms-field-label\" for=\"wpforms-14961-field_49\">Wie w\u00fcrden Sie die Reife Ihres aktuellen Risikomanagements auf einer Skala von 1 bis 5 bewerten? <span class=\"wpforms-required-label\" aria-hidden=\"true\">*<\/span><\/label><input type=\"text\" id=\"wpforms-14961-field_49\" class=\"wpforms-field-large wpforms-field-required\" name=\"wpforms[fields][49]\" placeholder=\"Geben Sie Ihre Antwort ein...\" aria-errormessage=\"wpforms-14961-field_49-error\" required><\/div><div id=\"wpforms-14961-field_50-container\" class=\"wpforms-field wpforms-field-text\" data-field-id=\"50\"><label class=\"wpforms-field-label\" for=\"wpforms-14961-field_50\">Ist Risikomanagement in Ihre strategischen oder operativen Entscheidungsprozesse integriert? <span class=\"wpforms-required-label\" aria-hidden=\"true\">*<\/span><\/label><input type=\"text\" id=\"wpforms-14961-field_50\" class=\"wpforms-field-large wpforms-field-required\" name=\"wpforms[fields][50]\" placeholder=\"Geben Sie Ihre Antwort ein...\" aria-errormessage=\"wpforms-14961-field_50-error\" required><\/div><div id=\"wpforms-14961-field_51-container\" class=\"wpforms-field wpforms-field-text\" data-field-id=\"51\"><label class=\"wpforms-field-label\" for=\"wpforms-14961-field_51\">Welche Art von Unterst\u00fctzung ben\u00f6tigen Sie \u2013 eine einmalige Analyse, laufendes Management oder den Aufbau eines vollst\u00e4ndigen Programms? <span class=\"wpforms-required-label\" aria-hidden=\"true\">*<\/span><\/label><input type=\"text\" id=\"wpforms-14961-field_51\" class=\"wpforms-field-large wpforms-field-required\" name=\"wpforms[fields][51]\" placeholder=\"Geben Sie Ihre Antwort ein...\" aria-errormessage=\"wpforms-14961-field_51-error\" required><\/div><\/div><!-- .wpforms-field-container --><div class=\"wpforms-submit-container\" ><input type=\"hidden\" name=\"wpforms[id]\" value=\"14961\"><input type=\"hidden\" name=\"page_title\" value=\"\"><input type=\"hidden\" name=\"page_url\" value=\"https:\/\/pcapital.ch\/de\/wp-json\/wp\/v2\/pages\/14950\"><button type=\"submit\" name=\"wpforms[submit]\" id=\"wpforms-submit-14961\" class=\"wpforms-submit\" aria-live=\"assertive\" value=\"wpforms-submit\">Jetzt Termin vereinbaren!<\/button><img decoding=\"async\" src=\"https:\/\/pcapital.ch\/wp-content\/plugins\/wpforms\/assets\/images\/submit-spin.svg\" class=\"wpforms-submit-spinner\" style=\"display: none;\" width=\"26\" height=\"26\" alt=\"Wird geladen\"><\/div><input type=\"hidden\" name=\"trp-form-language\" value=\"de\"\/><\/form><\/div>  <!-- .wpforms-container --><\/div>\n\t\t\t\t\t\t<\/div>\n\t\t\t\t<\/div>\n\t\t\t\t<div class=\"elementor-element elementor-element-0651e5a elementor-widget__width-initial elementor-widget elementor-widget-text-editor\" data-id=\"0651e5a\" data-element_type=\"widget\" data-e-type=\"widget\" data-widget_type=\"text-editor.default\">\n\t\t\t\t<div class=\"elementor-widget-container\">\n\t\t\t\t\t\t\t\t\t<p>Wir senden Ihnen in K\u00fcrze eine Best\u00e4tigungs-E-Mail und anschlie\u00dfend eine weitere E-Mail zur Vereinbarung eines Beratungsgespr\u00e4chs.<\/p>\t\t\t\t\t\t\t\t<\/div>\n\t\t\t\t<\/div>\n\t\t\t\t<\/div>\n\t\t\t\t<\/div>\n\t\t\t\t<\/div>\n\t\t<div class=\"elementor-element elementor-element-ca6d553 e-con-full e-flex e-con e-parent\" data-id=\"ca6d553\" data-element_type=\"container\" data-e-type=\"container\" data-settings=\"{&quot;background_background&quot;:&quot;classic&quot;}\">\n\t\t\t\t<div class=\"elementor-element elementor-element-5fcb586 elementor-align-center elementor-icon-list--layout-traditional elementor-list-item-link-full_width elementor-widget elementor-widget-icon-list\" data-id=\"5fcb586\" data-element_type=\"widget\" data-e-type=\"widget\" data-widget_type=\"icon-list.default\">\n\t\t\t\t<div class=\"elementor-widget-container\">\n\t\t\t\t\t\t\t<ul class=\"elementor-icon-list-items\">\n\t\t\t\t\t\t\t<li class=\"elementor-icon-list-item\">\n\t\t\t\t\t\t\t\t\t\t\t<span class=\"elementor-icon-list-icon\">\n\t\t\t\t\t\t\t<svg xmlns=\"http:\/\/www.w3.org\/2000\/svg\" xmlns:xlink=\"http:\/\/www.w3.org\/1999\/xlink\" width=\"24\" height=\"24\" viewbox=\"0 0 24 24\" fill=\"none\"><mask id=\"mask0_0_708\" style=\"mask-type:alpha\" maskunits=\"userSpaceOnUse\" x=\"0\" y=\"0\" width=\"24\" height=\"24\"><rect width=\"24\" height=\"24\" fill=\"url(#pattern0_0_708)\" style=\"\"><\/rect><\/mask><g mask=\"url(#mask0_0_708)\"><rect x=\"-3\" y=\"-2\" width=\"30\" height=\"30\" fill=\"white\" style=\"fill:white;fill-opacity:1;\"><\/rect><\/g><defs><pattern id=\"pattern0_0_708\" patterncontentunits=\"objectBoundingBox\" width=\"1\" height=\"1\"><use xlink:href=\"#image0_0_708\" transform=\"scale(0.01)\"><\/use><\/pattern><image id=\"image0_0_708\" width=\"100\" height=\"100\" preserveaspectratio=\"none\" xlink:href=\"data:image\/png;base64,iVBORw0KGgoAAAANSUhEUgAAAGQAAABkCAYAAABw4pVUAAAACXBIWXMAAAsTAAALEwEAmpwYAAAEVElEQVR4nO2dW4hVVRjHfyoFjtVD2oWeIglCTBCshG4WQi971B6CUkowCJSIxEuaRFbQxSet5nVMoYesCBKtlJiamdRiMHuIqYigHu2lAqfb6I7FfAM10tnrnL33Weus\/f\/B\/+Vc9vr295+11\/WsASGEEKIZzAVWAE8CA8BRYBgYMw3bawP2mRX2HVEhC4BNwCfAn0Depv4AhoCNwHw50zmLgYPAXx2Y8H9y1zoALJIx\/lwHvAlcqNCImbpgZl8rY1rzGPBbjUbM1K\/AozLlYi4H3uqiETPlauQ8GTPFlcDJgGbkpi+Aq5puyjXAtxGYkZvGgatpKFcAp0sk70fgCPAq8LLpNXvtpxLXHbNHaKOYBRzuIFlfA1uAGzzKWAhste+0W857FmNj2NyBEf0dJsl9Z7U9jtop8wkawo02evZJyiSwG7ikgnIvBZ4HznuW\/btnTex5jrYxRlhZQ\/n3tTHWeZ\/EudczEb8Ay2qMY5kZ7hPLXSTMR57zTXd3IZZ7gL894nE1OkkWef5Fbu1iTE95znvdRIK86Dlant3FmFxZpzzicp2B5PjB48aXB4jrdo+4viMxFnrc9McB4xvyiO96EmKDxw0\/GDC+dR7xrSchXi+4WTdQ7AsY3zyP5WE3Z9aY7q5bLw\/NpwUxfkBCfF9ws3tDBwjsa1LD\/nPBzT4eOkCmJhNbxXiWhCiaTHw4dIDAIwUxTpAQRT2YB0IHyFQMRXEmgwyJDBkSGTIkMHNsHeE5YL+HISeAQ4F1wiPO\/baCeafdY0+wJrKtPXlN+gZYRcS4zQR7IkhU3mW9EusOlWciSE4eSE8TGUva2M2Ros4DS4mIdyNISh5Y7xAJl9keprzhmohlB\/3yCJKRR6JbiYDVHoGOJKK8QC4XPTEplyWivAcmSWUIMgTVENUQ9MgifJuhNoTwSZchESQ6kyHhk5vJkPAJzWSIBoZdRyN1NFLP9MiKr4astZPjPrPfoDuN2k57957akC4Z0m+HkE20KO8c8IZ9Vo16jYbcD3zexvrEKdsFo15WTYYc72DR6JgMqaeG7CyxkrdL45DqDfmqhCFnZEi1hjxUcpvRpF2jbBxaMWQqEdtLmDGtbTKkuhryQgWGuGuohlRkyLYKDHFnqMiQCtuQSbUh6fSyvlQvq3pDdpTcnV5FDOpl8d+EHOvAjA8rMkOGcHFC1niebzUtd2K25rJqakMyU7\/N5J5rYYR7b1CzvfU26tkMrbW1j9F\/rYeM2GtVjMr1yKKeJMqQLtWQTIbEtYSbyRAZkhf84en3IagN0SML1RBikR5ZhDdBhhA+8TIkgmRnMiR8gjMZEj6pWeqG6CQH4jrJ4bYKNiCkoluIgL6CtYmmaCKW04Cws6LyhuttIuLmktt0el2TwGIiY1cEickDye2IiY5Z9g+C84bppVhPJZ1mlZ1pmyeucRub9ARz7PTn3XYa9KFENAg8C9zRSydbCyGEEEIIIQQt+AfTETgCX6mHnAAAAABJRU5ErkJggg==\"><\/image><\/defs><\/svg>\t\t\t\t\t\t<\/span>\n\t\t\t\t\t\t\t\t\t\t<span class=\"elementor-icon-list-text\">Vertraulichkeit garantiert: Ihre Daten sind bei uns in sicheren H\u00e4nden.<\/span>\n\t\t\t\t\t\t\t\t\t<\/li>\n\t\t\t\t\t\t<\/ul>\n\t\t\t\t\t\t<\/div>\n\t\t\t\t<\/div>\n\t\t\t\t<\/div>\n\t\t\t\t<\/div>","protected":false},"excerpt":{"rendered":"<p>Fast geschafft! Nur noch ein paar Details&#8230; Wir senden Ihnen in K\u00fcrze eine Best\u00e4tigungs-E-Mail und anschlie\u00dfend eine weitere E-Mail zur Vereinbarung eines Beratungsgespr\u00e4chs. Vertraulichkeit garantiert: Ihre Daten sind bei uns in sicheren H\u00e4nden.<\/p>","protected":false},"author":5,"featured_media":0,"parent":0,"menu_order":0,"comment_status":"closed","ping_status":"closed","template":"elementor_canvas","meta":{"_acf_changed":false,"footnotes":""},"class_list":["post-14950","page","type-page","status-publish","hentry"],"acf":[],"yoast_head":"<!-- This site is optimized with the Yoast SEO plugin v26.9 - https:\/\/yoast.com\/product\/yoast-seo-wordpress\/ -->\n<title>De RISK Management Products - Perpetuum Capital Ltd.<\/title>\n<meta name=\"robots\" content=\"index, follow, max-snippet:-1, max-image-preview:large, max-video-preview:-1\" \/>\n<link rel=\"canonical\" href=\"https:\/\/pcapital.ch\/de\/de-risk-management-products\/\" \/>\n<meta property=\"og:locale\" content=\"de_DE\" \/>\n<meta property=\"og:type\" content=\"article\" \/>\n<meta property=\"og:title\" content=\"De RISK Management Products - Perpetuum Capital Ltd.\" \/>\n<meta property=\"og:description\" content=\"Fast geschafft! Nur noch ein paar Details&#8230; Wir senden Ihnen in K\u00fcrze eine Best\u00e4tigungs-E-Mail und anschlie\u00dfend eine weitere E-Mail zur Vereinbarung eines Beratungsgespr\u00e4chs. Vertraulichkeit garantiert: Ihre Daten sind bei uns in sicheren H\u00e4nden.\" \/>\n<meta property=\"og:url\" content=\"https:\/\/pcapital.ch\/de\/de-risk-management-products\/\" \/>\n<meta property=\"og:site_name\" content=\"Perpetuum Capital Ltd.\" \/>\n<meta property=\"article:modified_time\" content=\"2025-06-10T09:01:36+00:00\" \/>\n<meta property=\"og:image\" content=\"https:\/\/pcapital.ch\/wp-content\/uploads\/2025\/05\/Logo-1.png\" \/>\n\t<meta property=\"og:image:width\" content=\"200\" \/>\n\t<meta property=\"og:image:height\" content=\"67\" \/>\n\t<meta property=\"og:image:type\" content=\"image\/png\" \/>\n<meta name=\"twitter:card\" content=\"summary_large_image\" \/>\n<meta name=\"twitter:label1\" content=\"Gesch\u00e4tzte Lesezeit\" \/>\n\t<meta name=\"twitter:data1\" content=\"1\u00a0Minute\" \/>\n<script type=\"application\/ld+json\" class=\"yoast-schema-graph\">{\"@context\":\"https:\/\/schema.org\",\"@graph\":[{\"@type\":\"WebPage\",\"@id\":\"https:\/\/pcapital.ch\/de-risk-management-products\/\",\"url\":\"https:\/\/pcapital.ch\/de-risk-management-products\/\",\"name\":\"De RISK Management Products - Perpetuum Capital Ltd.\",\"isPartOf\":{\"@id\":\"https:\/\/pcapital.ch\/#website\"},\"primaryImageOfPage\":{\"@id\":\"https:\/\/pcapital.ch\/de-risk-management-products\/#primaryimage\"},\"image\":{\"@id\":\"https:\/\/pcapital.ch\/de-risk-management-products\/#primaryimage\"},\"thumbnailUrl\":\"https:\/\/pcapital.ch\/wp-content\/uploads\/2025\/05\/Logo-1.png\",\"datePublished\":\"2025-06-05T07:25:27+00:00\",\"dateModified\":\"2025-06-10T09:01:36+00:00\",\"breadcrumb\":{\"@id\":\"https:\/\/pcapital.ch\/de-risk-management-products\/#breadcrumb\"},\"inLanguage\":\"de\",\"potentialAction\":[{\"@type\":\"ReadAction\",\"target\":[\"https:\/\/pcapital.ch\/de-risk-management-products\/\"]}]},{\"@type\":\"ImageObject\",\"inLanguage\":\"de\",\"@id\":\"https:\/\/pcapital.ch\/de-risk-management-products\/#primaryimage\",\"url\":\"https:\/\/pcapital.ch\/wp-content\/uploads\/2025\/05\/Logo-1.png\",\"contentUrl\":\"https:\/\/pcapital.ch\/wp-content\/uploads\/2025\/05\/Logo-1.png\"},{\"@type\":\"BreadcrumbList\",\"@id\":\"https:\/\/pcapital.ch\/de-risk-management-products\/#breadcrumb\",\"itemListElement\":[{\"@type\":\"ListItem\",\"position\":1,\"name\":\"Home\",\"item\":\"https:\/\/pcapital.ch\/\"},{\"@type\":\"ListItem\",\"position\":2,\"name\":\"De RISK Management Products\"}]},{\"@type\":\"WebSite\",\"@id\":\"https:\/\/pcapital.ch\/#website\",\"url\":\"https:\/\/pcapital.ch\/\",\"name\":\"Perpetuum Capital Ltd.\",\"description\":\"Building trust. Forging reputations.\",\"publisher\":{\"@id\":\"https:\/\/pcapital.ch\/#organization\"},\"potentialAction\":[{\"@type\":\"SearchAction\",\"target\":{\"@type\":\"EntryPoint\",\"urlTemplate\":\"https:\/\/pcapital.ch\/?s={search_term_string}\"},\"query-input\":{\"@type\":\"PropertyValueSpecification\",\"valueRequired\":true,\"valueName\":\"search_term_string\"}}],\"inLanguage\":\"de\"},{\"@type\":\"Organization\",\"@id\":\"https:\/\/pcapital.ch\/#organization\",\"name\":\"Perpetuum Capital\",\"url\":\"https:\/\/pcapital.ch\/\",\"logo\":{\"@type\":\"ImageObject\",\"inLanguage\":\"de\",\"@id\":\"https:\/\/pcapital.ch\/#\/schema\/logo\/image\/\",\"url\":\"https:\/\/pcapital.ch\/wp-content\/uploads\/2021\/02\/Untitled-2.png\",\"contentUrl\":\"https:\/\/pcapital.ch\/wp-content\/uploads\/2021\/02\/Untitled-2.png\",\"width\":756,\"height\":237,\"caption\":\"Perpetuum Capital\"},\"image\":{\"@id\":\"https:\/\/pcapital.ch\/#\/schema\/logo\/image\/\"}}]}<\/script>\n<!-- \/ Yoast SEO plugin. -->","yoast_head_json":{"title":"De RISK Management Products - Perpetuum Capital Ltd.","robots":{"index":"index","follow":"follow","max-snippet":"max-snippet:-1","max-image-preview":"max-image-preview:large","max-video-preview":"max-video-preview:-1"},"canonical":"https:\/\/pcapital.ch\/de\/de-risk-management-products\/","og_locale":"de_DE","og_type":"article","og_title":"De RISK Management Products - Perpetuum Capital Ltd.","og_description":"Fast geschafft! Nur noch ein paar Details&#8230; Wir senden Ihnen in K\u00fcrze eine Best\u00e4tigungs-E-Mail und anschlie\u00dfend eine weitere E-Mail zur Vereinbarung eines Beratungsgespr\u00e4chs. Vertraulichkeit garantiert: Ihre Daten sind bei uns in sicheren H\u00e4nden.","og_url":"https:\/\/pcapital.ch\/de\/de-risk-management-products\/","og_site_name":"Perpetuum Capital Ltd.","article_modified_time":"2025-06-10T09:01:36+00:00","og_image":[{"width":200,"height":67,"url":"https:\/\/pcapital.ch\/wp-content\/uploads\/2025\/05\/Logo-1.png","type":"image\/png"}],"twitter_card":"summary_large_image","twitter_misc":{"Gesch\u00e4tzte Lesezeit":"1\u00a0Minute"},"schema":{"@context":"https:\/\/schema.org","@graph":[{"@type":"WebPage","@id":"https:\/\/pcapital.ch\/de-risk-management-products\/","url":"https:\/\/pcapital.ch\/de-risk-management-products\/","name":"De RISK Management Products - Perpetuum Capital Ltd.","isPartOf":{"@id":"https:\/\/pcapital.ch\/#website"},"primaryImageOfPage":{"@id":"https:\/\/pcapital.ch\/de-risk-management-products\/#primaryimage"},"image":{"@id":"https:\/\/pcapital.ch\/de-risk-management-products\/#primaryimage"},"thumbnailUrl":"https:\/\/pcapital.ch\/wp-content\/uploads\/2025\/05\/Logo-1.png","datePublished":"2025-06-05T07:25:27+00:00","dateModified":"2025-06-10T09:01:36+00:00","breadcrumb":{"@id":"https:\/\/pcapital.ch\/de-risk-management-products\/#breadcrumb"},"inLanguage":"de","potentialAction":[{"@type":"ReadAction","target":["https:\/\/pcapital.ch\/de-risk-management-products\/"]}]},{"@type":"ImageObject","inLanguage":"de","@id":"https:\/\/pcapital.ch\/de-risk-management-products\/#primaryimage","url":"https:\/\/pcapital.ch\/wp-content\/uploads\/2025\/05\/Logo-1.png","contentUrl":"https:\/\/pcapital.ch\/wp-content\/uploads\/2025\/05\/Logo-1.png"},{"@type":"BreadcrumbList","@id":"https:\/\/pcapital.ch\/de-risk-management-products\/#breadcrumb","itemListElement":[{"@type":"ListItem","position":1,"name":"Home","item":"https:\/\/pcapital.ch\/"},{"@type":"ListItem","position":2,"name":"De RISK Management Products"}]},{"@type":"WebSite","@id":"https:\/\/pcapital.ch\/#website","url":"https:\/\/pcapital.ch\/","name":"Perpetuum Capital Ltd.","description":"Vertrauen aufbauen. Reputation sch\u00fctzen.","publisher":{"@id":"https:\/\/pcapital.ch\/#organization"},"potentialAction":[{"@type":"SearchAction","target":{"@type":"EntryPoint","urlTemplate":"https:\/\/pcapital.ch\/?s={search_term_string}"},"query-input":{"@type":"PropertyValueSpecification","valueRequired":true,"valueName":"search_term_string"}}],"inLanguage":"de"},{"@type":"Organization","@id":"https:\/\/pcapital.ch\/#organization","name":"Perpetuum Capital","url":"https:\/\/pcapital.ch\/","logo":{"@type":"ImageObject","inLanguage":"de","@id":"https:\/\/pcapital.ch\/#\/schema\/logo\/image\/","url":"https:\/\/pcapital.ch\/wp-content\/uploads\/2021\/02\/Untitled-2.png","contentUrl":"https:\/\/pcapital.ch\/wp-content\/uploads\/2021\/02\/Untitled-2.png","width":756,"height":237,"caption":"Perpetuum Capital"},"image":{"@id":"https:\/\/pcapital.ch\/#\/schema\/logo\/image\/"}}]}},"_links":{"self":[{"href":"https:\/\/pcapital.ch\/de\/wp-json\/wp\/v2\/pages\/14950","targetHints":{"allow":["GET"]}}],"collection":[{"href":"https:\/\/pcapital.ch\/de\/wp-json\/wp\/v2\/pages"}],"about":[{"href":"https:\/\/pcapital.ch\/de\/wp-json\/wp\/v2\/types\/page"}],"author":[{"embeddable":true,"href":"https:\/\/pcapital.ch\/de\/wp-json\/wp\/v2\/users\/5"}],"replies":[{"embeddable":true,"href":"https:\/\/pcapital.ch\/de\/wp-json\/wp\/v2\/comments?post=14950"}],"version-history":[{"count":37,"href":"https:\/\/pcapital.ch\/de\/wp-json\/wp\/v2\/pages\/14950\/revisions"}],"predecessor-version":[{"id":15097,"href":"https:\/\/pcapital.ch\/de\/wp-json\/wp\/v2\/pages\/14950\/revisions\/15097"}],"wp:attachment":[{"href":"https:\/\/pcapital.ch\/de\/wp-json\/wp\/v2\/media?parent=14950"}],"curies":[{"name":"wp","href":"https:\/\/api.w.org\/{rel}","templated":true}]}}