{"id":725,"date":"2021-01-19T04:43:27","date_gmt":"2021-01-19T04:43:27","guid":{"rendered":"https:\/\/pcapital.mt\/?page_id=725"},"modified":"2025-04-24T17:49:12","modified_gmt":"2025-04-24T12:19:12","slug":"cookie-policy","status":"publish","type":"page","link":"https:\/\/pcapital.ch\/de\/cookie-policy\/","title":{"rendered":"Cookierichtlinie"},"content":{"rendered":"<div data-elementor-type=\"wp-page\" data-elementor-id=\"725\" class=\"elementor elementor-725\" data-elementor-post-type=\"page\">\n\t\t\t\t<div class=\"elementor-element elementor-element-41b4383 e-flex e-con-boxed e-con e-parent\" data-id=\"41b4383\" data-element_type=\"container\" data-e-type=\"container\">\n\t\t\t\t\t<div class=\"e-con-inner\">\n\t\t\t\t<div class=\"elementor-element elementor-element-6c3e029 elementor-widget elementor-widget-heading\" data-id=\"6c3e029\" data-element_type=\"widget\" data-e-type=\"widget\" data-widget_type=\"heading.default\">\n\t\t\t\t<div class=\"elementor-widget-container\">\n\t\t\t\t\t<h3 class=\"elementor-heading-title elementor-size-default\">Cookierichtlinie<\/h3>\t\t\t\t<\/div>\n\t\t\t\t<\/div>\n\t\t\t\t<div class=\"elementor-element elementor-element-05390ee elementor-widget elementor-widget-text-editor\" data-id=\"05390ee\" data-element_type=\"widget\" data-e-type=\"widget\" data-widget_type=\"text-editor.default\">\n\t\t\t\t<div class=\"elementor-widget-container\">\n\t\t\t\t\t\t\t\t\t<p>Wir erfassen bestimmte personenbezogene Daten, wenn Sie unsere Websites besuchen und Cookies auf unseren Websites verwenden. Wir verwenden Cookies, um Informationen zu sammeln, wenn Sie auf unsere Website, unser Online-Bewerbungstool und unsere Marketingmitteilungen zugreifen.<\/p><p>Cookies sind kleine Textdateien, die beim Besuch unserer Website in Browserverzeichnissen auf Ihrem Computer oder Mobilger\u00e4t abgelegt werden. Unsere Website verwendet Sitzungscookies und dauerhafte Cookies. Mit Sitzungscookies k\u00f6nnen Sie innerhalb der Website von Seite zu Seite wechseln und alle von Ihnen eingegebenen Informationen werden gespeichert. Ein Sitzungscookie wird gel\u00f6scht, wenn Sie Ihren Browser schlie\u00dfen oder nach kurzer Zeit. Permanente Cookies erm\u00f6glichen es der Website, sich Ihre Einstellungen und Einstellungen zu merken, wenn Sie die Website in Zukunft besuchen.  Permanente Cookies verfallen nach einer festgelegten Zeit.<\/p><p>Wir verwenden Cookies folgenderma\u00dfen:<\/p><ul><li><strong>Google Analytics:<\/strong>\u00a0Wir verwenden Google Analytics, das uns Informationen dar\u00fcber liefert, wie Besucher unsere Website nutzen. Google verwendet Cookies als Teil des Prozesses, um anonyme Informationen zu sammeln, z. B. die Anzahl der Besucher der Website, deren Herkunft, die von ihnen besuchten Seiten und die Zeit, die sie auf unserer Website verbracht haben.<\/li><li><strong>E-Mail-Updates:<\/strong> Unsere Marketingkommunikation verwendet Cookies und Tracking-Technologie, mit deren Hilfe wir beurteilen k\u00f6nnen, ob die E-Mail-Updates ge\u00f6ffnet, beantwortet, weitergeleitet und Links gefolgt wurden, und mit denen Sie uns \u00fcber ein Online-Kontaktformular kontaktieren k\u00f6nnen.<\/li><li><strong>Social Plugin:<\/strong>\u00a0Wir verwenden ein Plugin f\u00fcr das soziale Netzwerk, das Sie am Logo auf unserer Website erkennen k\u00f6nnen. Wenn Sie mit diesem sozialen Netzwerk interagieren, werden die relevanten Informationen weitergeleitet und Ihr Besuch anerkannt.<\/li><\/ul><p>Sie k\u00f6nnen Ihre Browsereinstellungen \u00e4ndern, um Cookies zu blockieren oder Sie zu benachrichtigen, wenn Cookies an Ihr Ger\u00e4t gesendet werden. Bitte beachten Sie, dass Sie m\u00f6glicherweise nicht auf bestimmte Funktionen unserer Website oder Marketingkommunikation zugreifen k\u00f6nnen, wenn Sie Cookies deaktivieren. Wenn Sie die Website von Perpetuum Capital Ltd. weiterhin nutzen, ohne Ihre Einstellungen zu \u00e4ndern, stimmen Sie der Verwendung von Cookies zu.<\/p><p><strong>Andere Kontakte<\/strong><\/p><p>Dar\u00fcber hinaus erfassen und verarbeiten wir Informationen \u00fcber Sie, wenn Sie uns Produkte oder Dienstleistungen anbieten oder bereitstellen, wenn wir Ihre Produkte oder Dienstleistungen bewerten und im Allgemeinen, wenn Sie Informationen von uns anfordern oder uns Informationen zur Verf\u00fcgung stellen.<\/p>\t\t\t\t\t\t\t\t<\/div>\n\t\t\t\t<\/div>\n\t\t\t\t\t<\/div>\n\t\t\t\t<\/div>\n\t\t\t\t<\/div>","protected":false},"excerpt":{"rendered":"<p>Cookie Policy We collect certain personal information when you visit our websites and use cookies on our Websites. We use cookies to collect information when you access our website, online application tool and marketing communications. Cookies are small text files that are placed in browser directories on your computer or mobile device when you visit [&hellip;]<\/p>","protected":false},"author":1,"featured_media":0,"parent":0,"menu_order":0,"comment_status":"closed","ping_status":"closed","template":"elementor_header_footer","meta":{"_acf_changed":false,"footnotes":""},"class_list":["post-725","page","type-page","status-publish","hentry"],"acf":[],"yoast_head":"<!-- This site is optimized with the Yoast SEO plugin v26.9 - https:\/\/yoast.com\/product\/yoast-seo-wordpress\/ -->\n<title>Cookie Policy - Perpetuum Capital Ltd.<\/title>\n<meta name=\"description\" content=\"At Perpetuum Capital, we pride ourselves on building amazing apps. We focus on brick and mortar SMEs that want to level up. Apps that enhance business capability, add convenience for clients and the business, creating a better brand, and ultimately, opening new revenue streams.\" \/>\n<meta name=\"robots\" content=\"index, follow, max-snippet:-1, max-image-preview:large, max-video-preview:-1\" \/>\n<link rel=\"canonical\" href=\"https:\/\/pcapital.ch\/de\/cookie-policy\/\" \/>\n<meta property=\"og:locale\" content=\"de_DE\" \/>\n<meta property=\"og:type\" content=\"article\" \/>\n<meta property=\"og:title\" content=\"Cookie Policy - Perpetuum Capital Ltd.\" \/>\n<meta property=\"og:description\" content=\"At Perpetuum Capital, we pride ourselves on building amazing apps. We focus on brick and mortar SMEs that want to level up. Apps that enhance business capability, add convenience for clients and the business, creating a better brand, and ultimately, opening new revenue streams.\" \/>\n<meta property=\"og:url\" content=\"https:\/\/pcapital.ch\/de\/cookie-policy\/\" \/>\n<meta property=\"og:site_name\" content=\"Perpetuum Capital Ltd.\" \/>\n<meta property=\"article:modified_time\" content=\"2025-04-24T12:19:12+00:00\" \/>\n<meta name=\"twitter:card\" content=\"summary_large_image\" \/>\n<meta name=\"twitter:label1\" content=\"Gesch\u00e4tzte Lesezeit\" \/>\n\t<meta name=\"twitter:data1\" content=\"2\u00a0Minuten\" \/>\n<script type=\"application\/ld+json\" class=\"yoast-schema-graph\">{\"@context\":\"https:\/\/schema.org\",\"@graph\":[{\"@type\":\"WebPage\",\"@id\":\"https:\/\/pcapital.ch\/cookie-policy\/\",\"url\":\"https:\/\/pcapital.ch\/cookie-policy\/\",\"name\":\"Cookie Policy - Perpetuum Capital Ltd.\",\"isPartOf\":{\"@id\":\"https:\/\/pcapital.ch\/#website\"},\"datePublished\":\"2021-01-19T04:43:27+00:00\",\"dateModified\":\"2025-04-24T12:19:12+00:00\",\"description\":\"At Perpetuum Capital, we pride ourselves on building amazing apps. We focus on brick and mortar SMEs that want to level up. Apps that enhance business capability, add convenience for clients and the business, creating a better brand, and ultimately, opening new revenue streams.\",\"breadcrumb\":{\"@id\":\"https:\/\/pcapital.ch\/cookie-policy\/#breadcrumb\"},\"inLanguage\":\"de\",\"potentialAction\":[{\"@type\":\"ReadAction\",\"target\":[\"https:\/\/pcapital.ch\/cookie-policy\/\"]}]},{\"@type\":\"BreadcrumbList\",\"@id\":\"https:\/\/pcapital.ch\/cookie-policy\/#breadcrumb\",\"itemListElement\":[{\"@type\":\"ListItem\",\"position\":1,\"name\":\"Home\",\"item\":\"https:\/\/pcapital.ch\/\"},{\"@type\":\"ListItem\",\"position\":2,\"name\":\"Cookie Policy\"}]},{\"@type\":\"WebSite\",\"@id\":\"https:\/\/pcapital.ch\/#website\",\"url\":\"https:\/\/pcapital.ch\/\",\"name\":\"Perpetuum Capital Ltd.\",\"description\":\"Building trust. Forging reputations.\",\"publisher\":{\"@id\":\"https:\/\/pcapital.ch\/#organization\"},\"potentialAction\":[{\"@type\":\"SearchAction\",\"target\":{\"@type\":\"EntryPoint\",\"urlTemplate\":\"https:\/\/pcapital.ch\/?s={search_term_string}\"},\"query-input\":{\"@type\":\"PropertyValueSpecification\",\"valueRequired\":true,\"valueName\":\"search_term_string\"}}],\"inLanguage\":\"de\"},{\"@type\":\"Organization\",\"@id\":\"https:\/\/pcapital.ch\/#organization\",\"name\":\"Perpetuum Capital\",\"url\":\"https:\/\/pcapital.ch\/\",\"logo\":{\"@type\":\"ImageObject\",\"inLanguage\":\"de\",\"@id\":\"https:\/\/pcapital.ch\/#\/schema\/logo\/image\/\",\"url\":\"https:\/\/pcapital.ch\/wp-content\/uploads\/2021\/02\/Untitled-2.png\",\"contentUrl\":\"https:\/\/pcapital.ch\/wp-content\/uploads\/2021\/02\/Untitled-2.png\",\"width\":756,\"height\":237,\"caption\":\"Perpetuum Capital\"},\"image\":{\"@id\":\"https:\/\/pcapital.ch\/#\/schema\/logo\/image\/\"}}]}<\/script>\n<!-- \/ Yoast SEO plugin. -->","yoast_head_json":{"title":"Cookie Policy - Perpetuum Capital Ltd.","description":"At Perpetuum Capital, we pride ourselves on building amazing apps. We focus on brick and mortar SMEs that want to level up. Apps that enhance business capability, add convenience for clients and the business, creating a better brand, and ultimately, opening new revenue streams.","robots":{"index":"index","follow":"follow","max-snippet":"max-snippet:-1","max-image-preview":"max-image-preview:large","max-video-preview":"max-video-preview:-1"},"canonical":"https:\/\/pcapital.ch\/de\/cookie-policy\/","og_locale":"de_DE","og_type":"article","og_title":"Cookie Policy - Perpetuum Capital Ltd.","og_description":"At Perpetuum Capital, we pride ourselves on building amazing apps. We focus on brick and mortar SMEs that want to level up. Apps that enhance business capability, add convenience for clients and the business, creating a better brand, and ultimately, opening new revenue streams.","og_url":"https:\/\/pcapital.ch\/de\/cookie-policy\/","og_site_name":"Perpetuum Capital Ltd.","article_modified_time":"2025-04-24T12:19:12+00:00","twitter_card":"summary_large_image","twitter_misc":{"Gesch\u00e4tzte Lesezeit":"2\u00a0Minuten"},"schema":{"@context":"https:\/\/schema.org","@graph":[{"@type":"WebPage","@id":"https:\/\/pcapital.ch\/cookie-policy\/","url":"https:\/\/pcapital.ch\/cookie-policy\/","name":"Cookie Policy - Perpetuum Capital Ltd.","isPartOf":{"@id":"https:\/\/pcapital.ch\/#website"},"datePublished":"2021-01-19T04:43:27+00:00","dateModified":"2025-04-24T12:19:12+00:00","description":"At Perpetuum Capital, we pride ourselves on building amazing apps. We focus on brick and mortar SMEs that want to level up. Apps that enhance business capability, add convenience for clients and the business, creating a better brand, and ultimately, opening new revenue streams.","breadcrumb":{"@id":"https:\/\/pcapital.ch\/cookie-policy\/#breadcrumb"},"inLanguage":"de","potentialAction":[{"@type":"ReadAction","target":["https:\/\/pcapital.ch\/cookie-policy\/"]}]},{"@type":"BreadcrumbList","@id":"https:\/\/pcapital.ch\/cookie-policy\/#breadcrumb","itemListElement":[{"@type":"ListItem","position":1,"name":"Home","item":"https:\/\/pcapital.ch\/"},{"@type":"ListItem","position":2,"name":"Cookie Policy"}]},{"@type":"WebSite","@id":"https:\/\/pcapital.ch\/#website","url":"https:\/\/pcapital.ch\/","name":"Perpetuum Capital Ltd.","description":"Vertrauen aufbauen. Reputation sch\u00fctzen.","publisher":{"@id":"https:\/\/pcapital.ch\/#organization"},"potentialAction":[{"@type":"SearchAction","target":{"@type":"EntryPoint","urlTemplate":"https:\/\/pcapital.ch\/?s={search_term_string}"},"query-input":{"@type":"PropertyValueSpecification","valueRequired":true,"valueName":"search_term_string"}}],"inLanguage":"de"},{"@type":"Organization","@id":"https:\/\/pcapital.ch\/#organization","name":"Perpetuum Capital","url":"https:\/\/pcapital.ch\/","logo":{"@type":"ImageObject","inLanguage":"de","@id":"https:\/\/pcapital.ch\/#\/schema\/logo\/image\/","url":"https:\/\/pcapital.ch\/wp-content\/uploads\/2021\/02\/Untitled-2.png","contentUrl":"https:\/\/pcapital.ch\/wp-content\/uploads\/2021\/02\/Untitled-2.png","width":756,"height":237,"caption":"Perpetuum Capital"},"image":{"@id":"https:\/\/pcapital.ch\/#\/schema\/logo\/image\/"}}]}},"_links":{"self":[{"href":"https:\/\/pcapital.ch\/de\/wp-json\/wp\/v2\/pages\/725","targetHints":{"allow":["GET"]}}],"collection":[{"href":"https:\/\/pcapital.ch\/de\/wp-json\/wp\/v2\/pages"}],"about":[{"href":"https:\/\/pcapital.ch\/de\/wp-json\/wp\/v2\/types\/page"}],"author":[{"embeddable":true,"href":"https:\/\/pcapital.ch\/de\/wp-json\/wp\/v2\/users\/1"}],"replies":[{"embeddable":true,"href":"https:\/\/pcapital.ch\/de\/wp-json\/wp\/v2\/comments?post=725"}],"version-history":[{"count":6,"href":"https:\/\/pcapital.ch\/de\/wp-json\/wp\/v2\/pages\/725\/revisions"}],"predecessor-version":[{"id":9369,"href":"https:\/\/pcapital.ch\/de\/wp-json\/wp\/v2\/pages\/725\/revisions\/9369"}],"wp:attachment":[{"href":"https:\/\/pcapital.ch\/de\/wp-json\/wp\/v2\/media?parent=725"}],"curies":[{"name":"wp","href":"https:\/\/api.w.org\/{rel}","templated":true}]}}