{"id":8700,"date":"2025-04-04T14:51:41","date_gmt":"2025-04-04T09:21:41","guid":{"rendered":"https:\/\/pcapital.ch\/?page_id=8700"},"modified":"2025-10-27T12:17:55","modified_gmt":"2025-10-27T06:47:55","slug":"sentinel-step-2-the-application","status":"publish","type":"page","link":"https:\/\/pcapital.ch\/de\/sentinel-step-2-the-application\/","title":{"rendered":"Sentinel &#8211; Step 2: The Application"},"content":{"rendered":"<div data-elementor-type=\"wp-page\" data-elementor-id=\"8700\" class=\"elementor elementor-8700\" data-elementor-post-type=\"page\">\n\t\t\t\t<div class=\"elementor-element elementor-element-8150370 e-flex e-con-boxed e-con e-parent\" data-id=\"8150370\" data-element_type=\"container\" data-e-type=\"container\" data-settings=\"{&quot;background_background&quot;:&quot;classic&quot;}\">\n\t\t\t\t\t<div class=\"e-con-inner\">\n\t\t\t\t<div class=\"elementor-element elementor-element-363d7f2 elementor-widget elementor-widget-theme-site-logo elementor-widget-image\" data-id=\"363d7f2\" data-element_type=\"widget\" data-e-type=\"widget\" data-widget_type=\"theme-site-logo.default\">\n\t\t\t\t<div class=\"elementor-widget-container\">\n\t\t\t\t\t\t\t\t\t\t\t<a href=\"https:\/\/pcapital.ch\/de\">\n\t\t\t<img fetchpriority=\"high\" decoding=\"async\" width=\"393\" height=\"130\" src=\"https:\/\/pcapital.ch\/wp-content\/uploads\/2020\/11\/pc-logo.png\" class=\"attachment-full size-full wp-image-467\" alt=\"\" srcset=\"https:\/\/pcapital.ch\/wp-content\/uploads\/2020\/11\/pc-logo.png 393w, https:\/\/pcapital.ch\/wp-content\/uploads\/2020\/11\/pc-logo-300x99.png 300w\" sizes=\"(max-width: 393px) 100vw, 393px\" \/>\t\t\t\t<\/a>\n\t\t\t\t\t\t\t\t\t\t\t<\/div>\n\t\t\t\t<\/div>\n\t\t\t\t<div class=\"elementor-element elementor-element-b83231b elementor-widget elementor-widget-heading\" data-id=\"b83231b\" data-element_type=\"widget\" data-e-type=\"widget\" data-widget_type=\"heading.default\">\n\t\t\t\t<div class=\"elementor-widget-container\">\n\t\t\t\t\t<h3 class=\"elementor-heading-title elementor-size-default\">Fast geschafft! Nur noch ein paar Details...<\/h3>\t\t\t\t<\/div>\n\t\t\t\t<\/div>\n\t\t\t\t<div class=\"elementor-element elementor-element-52d7383 elementor-widget__width-initial elementor-widget-tablet__width-inherit elementor-widget elementor-widget-wpforms\" data-id=\"52d7383\" data-element_type=\"widget\" data-e-type=\"widget\" data-widget_type=\"wpforms.default\">\n\t\t\t\t<div class=\"elementor-widget-container\">\n\t\t\t\t\t<style id=\"wpforms-css-vars-root\">\n\t\t\t\t:root {\n\t\t\t\t\t--wpforms-field-border-radius: 3px;\n--wpforms-field-border-style: solid;\n--wpforms-field-border-size: 1px;\n--wpforms-field-background-color: #ffffff;\n--wpforms-field-border-color: rgba( 0, 0, 0, 0.25 );\n--wpforms-field-border-color-spare: rgba( 0, 0, 0, 0.25 );\n--wpforms-field-text-color: rgba( 0, 0, 0, 0.7 );\n--wpforms-field-menu-color: #ffffff;\n--wpforms-label-color: rgba( 0, 0, 0, 0.85 );\n--wpforms-label-sublabel-color: rgba( 0, 0, 0, 0.55 );\n--wpforms-label-error-color: #d63637;\n--wpforms-button-border-radius: 3px;\n--wpforms-button-border-style: none;\n--wpforms-button-border-size: 1px;\n--wpforms-button-background-color: #066aab;\n--wpforms-button-border-color: #066aab;\n--wpforms-button-text-color: #ffffff;\n--wpforms-page-break-color: #066aab;\n--wpforms-background-image: none;\n--wpforms-background-position: center center;\n--wpforms-background-repeat: no-repeat;\n--wpforms-background-size: cover;\n--wpforms-background-width: 100px;\n--wpforms-background-height: 100px;\n--wpforms-background-color: rgba( 0, 0, 0, 0 );\n--wpforms-background-url: none;\n--wpforms-container-padding: 0px;\n--wpforms-container-border-style: none;\n--wpforms-container-border-width: 1px;\n--wpforms-container-border-color: #000000;\n--wpforms-container-border-radius: 3px;\n--wpforms-field-size-input-height: 43px;\n--wpforms-field-size-input-spacing: 15px;\n--wpforms-field-size-font-size: 16px;\n--wpforms-field-size-line-height: 19px;\n--wpforms-field-size-padding-h: 14px;\n--wpforms-field-size-checkbox-size: 16px;\n--wpforms-field-size-sublabel-spacing: 5px;\n--wpforms-field-size-icon-size: 1;\n--wpforms-label-size-font-size: 16px;\n--wpforms-label-size-line-height: 19px;\n--wpforms-label-size-sublabel-font-size: 14px;\n--wpforms-label-size-sublabel-line-height: 17px;\n--wpforms-button-size-font-size: 17px;\n--wpforms-button-size-height: 41px;\n--wpforms-button-size-padding-h: 15px;\n--wpforms-button-size-margin-top: 10px;\n--wpforms-container-shadow-size-box-shadow: none;\n\n\t\t\t\t}\n\t\t\t<\/style><style id=\"wpforms-css-vars-elementor-widget-52d7383\">\n\t\t\t\t.elementor-widget-wpforms.elementor-element-52d7383 {\n\t\t\t\t\t--wpforms-field-size-input-height: 43px;\n--wpforms-field-size-input-spacing: 15px;\n--wpforms-field-size-font-size: 16px;\n--wpforms-field-size-line-height: 19px;\n--wpforms-field-size-padding-h: 14px;\n--wpforms-field-size-checkbox-size: 16px;\n--wpforms-field-size-sublabel-spacing: 5px;\n--wpforms-field-size-icon-size: 1;\n--wpforms-label-size-font-size: 16px;\n--wpforms-label-size-line-height: 19px;\n--wpforms-label-size-sublabel-font-size: 14px;\n--wpforms-label-size-sublabel-line-height: 17px;\n--wpforms-button-size-font-size: 17px;\n--wpforms-button-size-height: 41px;\n--wpforms-button-size-padding-h: 15px;\n--wpforms-button-size-margin-top: 10px;\n\n\t\t\t\t}\n\t\t\t<\/style><div class=\"wpforms-container wpforms-container-full funnel-form document-review-application wpforms-render-modern\" id=\"wpforms-8710\"><form id=\"wpforms-form-8710\" class=\"wpforms-validate wpforms-form\" data-formid=\"8710\" method=\"post\" enctype=\"multipart\/form-data\" action=\"\/de\/wp-json\/wp\/v2\/pages\/8700\" data-token=\"a528bb22bd51daeea9d33da04ea04d6e\" data-token-time=\"1777699842\" data-trp-original-action=\"\/de\/wp-json\/wp\/v2\/pages\/8700\"><noscript class=\"wpforms-error-noscript\">Bitte aktiviere JavaScript in deinem Browser, um dieses Formular fertigzustellen.<\/noscript><div class=\"wpforms-hidden\" id=\"wpforms-error-noscript\">Bitte aktiviere JavaScript in deinem Browser, um dieses Formular fertigzustellen.<\/div><div class=\"wpforms-field-container\"><div id=\"wpforms-8710-field_1-container\" class=\"wpforms-field wpforms-field-layout\" data-field-id=\"1\"><div class=\"wpforms-field-layout-columns wpforms-field-layout-preset-50-50\"><div class=\"wpforms-layout-column wpforms-layout-column-50\" ><div id=\"wpforms-8710-field_2-container\" class=\"wpforms-field wpforms-field-text\" data-field-id=\"2\"><label class=\"wpforms-field-label wpforms-label-hide\" for=\"wpforms-8710-field_2\" aria-hidden=\"false\">Name <span class=\"wpforms-required-label\" aria-hidden=\"true\">*<\/span><\/label><input type=\"text\" id=\"wpforms-8710-field_2\" class=\"wpforms-field-medium wpforms-field-required\" name=\"wpforms[fields][2]\" placeholder=\"Geben Sie Ihren Namen ein...\" aria-errormessage=\"wpforms-8710-field_2-error\" required><\/div><div id=\"wpforms-8710-field_4-container\" class=\"wpforms-field wpforms-field-text\" data-field-id=\"4\"><label class=\"wpforms-field-label wpforms-label-hide\" for=\"wpforms-8710-field_4\" aria-hidden=\"false\">Firmenname <span class=\"wpforms-required-label\" aria-hidden=\"true\">*<\/span><\/label><input type=\"text\" id=\"wpforms-8710-field_4\" class=\"wpforms-field-medium wpforms-field-required\" name=\"wpforms[fields][4]\" placeholder=\"Geben Sie Ihren Firmennamen ein ...\" aria-errormessage=\"wpforms-8710-field_4-error\" required><\/div><\/div><div class=\"wpforms-layout-column wpforms-layout-column-50\" ><div id=\"wpforms-8710-field_3-container\" class=\"wpforms-field wpforms-field-email\" data-field-id=\"3\"><label class=\"wpforms-field-label wpforms-label-hide\" for=\"wpforms-8710-field_3\" aria-hidden=\"false\">E-Mail <span class=\"wpforms-required-label\" aria-hidden=\"true\">*<\/span><\/label><input type=\"email\" id=\"wpforms-8710-field_3\" class=\"wpforms-field-medium wpforms-field-required\" name=\"wpforms[fields][3]\" placeholder=\"E-Mail\" spellcheck=\"false\" aria-errormessage=\"wpforms-8710-field_3-error\" required><\/div><div id=\"wpforms-8710-field_6-container\" class=\"wpforms-field wpforms-field-phone\" data-field-id=\"6\"><label class=\"wpforms-field-label wpforms-label-hide\" for=\"wpforms-8710-field_6\" aria-hidden=\"false\">Telefonnummer <span class=\"wpforms-required-label\" aria-hidden=\"true\">*<\/span><\/label><input type=\"tel\" id=\"wpforms-8710-field_6\" class=\"wpforms-field-medium wpforms-field-required wpforms-smart-phone-field\" data-rule-smart-phone-field=\"true\" name=\"wpforms[fields][6]\" placeholder=\"Telefonnummer\" aria-label=\"Telefonnummer\" aria-errormessage=\"wpforms-8710-field_6-error\" required><\/div><\/div><\/div><\/div><div id=\"wpforms-8710-field_10-container\" class=\"wpforms-field wpforms-field-textarea\" data-field-id=\"10\"><label class=\"wpforms-field-label\" for=\"wpforms-8710-field_10\">Wie geht Ihr Unternehmen derzeit mit der ISO27001-Compliance um? <span class=\"wpforms-required-label\" aria-hidden=\"true\">*<\/span><\/label><textarea id=\"wpforms-8710-field_10\" class=\"wpforms-field-small wpforms-field-required\" name=\"wpforms[fields][10]\" placeholder=\"Geben Sie Ihre Antwort ein...\" aria-errormessage=\"wpforms-8710-field_10-error\" required><\/textarea><\/div><div id=\"wpforms-8710-field_11-container\" class=\"wpforms-field wpforms-field-textarea\" data-field-id=\"11\"><label class=\"wpforms-field-label\" for=\"wpforms-8710-field_11\">Wie h\u00e4ufig durchl\u00e4uft Ihr Unternehmen ISO27001-Audits oder Rezertifizierungen? <span class=\"wpforms-required-label\" aria-hidden=\"true\">*<\/span><\/label><textarea id=\"wpforms-8710-field_11\" class=\"wpforms-field-small wpforms-field-required\" name=\"wpforms[fields][11]\" placeholder=\"Geben Sie Ihre Antwort ein...\" aria-errormessage=\"wpforms-8710-field_11-error\" required><\/textarea><\/div><div id=\"wpforms-8710-field_12-container\" class=\"wpforms-field wpforms-field-textarea\" data-field-id=\"12\"><label class=\"wpforms-field-label\" for=\"wpforms-8710-field_12\">Vor welchen Herausforderungen steht Ihr Unternehmen bei der Pflege und dem Betrieb des ISMS? <span class=\"wpforms-required-label\" aria-hidden=\"true\">*<\/span><\/label><textarea id=\"wpforms-8710-field_12\" class=\"wpforms-field-small wpforms-field-required\" name=\"wpforms[fields][12]\" placeholder=\"Geben Sie Ihre Antwort ein...\" aria-errormessage=\"wpforms-8710-field_12-error\" required><\/textarea><\/div><div id=\"wpforms-8710-field_14-container\" class=\"wpforms-field wpforms-field-textarea\" data-field-id=\"14\"><label class=\"wpforms-field-label\" for=\"wpforms-8710-field_14\">Wie viel Zeit investiert Ihr Team derzeit monatlich in das ISMS-Management? <span class=\"wpforms-required-label\" aria-hidden=\"true\">*<\/span><\/label><textarea id=\"wpforms-8710-field_14\" class=\"wpforms-field-small wpforms-field-required\" name=\"wpforms[fields][14]\" placeholder=\"Geben Sie Ihre Antwort ein...\" aria-errormessage=\"wpforms-8710-field_14-error\" required><\/textarea><\/div><div id=\"wpforms-8710-field_13-container\" class=\"wpforms-field wpforms-field-textarea\" data-field-id=\"13\"><label class=\"wpforms-field-label\" for=\"wpforms-8710-field_13\">Welche Funktionen w\u00e4ren f\u00fcr Ihr Unternehmen bei einem ISO27001-Tool besonders wichtig? <span class=\"wpforms-required-label\" aria-hidden=\"true\">*<\/span><\/label><textarea id=\"wpforms-8710-field_13\" class=\"wpforms-field-small wpforms-field-required\" name=\"wpforms[fields][13]\" placeholder=\"Geben Sie Ihre Antwort ein...\" aria-errormessage=\"wpforms-8710-field_13-error\" required><\/textarea><\/div><div id=\"wpforms-8710-field_16-container\" class=\"wpforms-field wpforms-field-text\" data-field-id=\"16\"><label class=\"wpforms-field-label\" for=\"wpforms-8710-field_16\">Welches Budget steht Ihnen f\u00fcr eine L\u00f6sung zur ISMS-Verwaltung zur Verf\u00fcgung? <span class=\"wpforms-required-label\" aria-hidden=\"true\">*<\/span><\/label><input type=\"text\" id=\"wpforms-8710-field_16\" class=\"wpforms-field-large wpforms-field-required\" name=\"wpforms[fields][16]\" placeholder=\"Geben Sie Ihre Antwort ein...\" aria-errormessage=\"wpforms-8710-field_16-error\" required><\/div><div id=\"wpforms-8710-field_17-container\" class=\"wpforms-field wpforms-field-textarea\" data-field-id=\"17\"><label class=\"wpforms-field-label\" for=\"wpforms-8710-field_17\">Was w\u00fcrde Ihnen das n\u00f6tige Vertrauen geben, um mit Sentinel den n\u00e4chsten Schritt zu gehen? <span class=\"wpforms-required-label\" aria-hidden=\"true\">*<\/span><\/label><textarea id=\"wpforms-8710-field_17\" class=\"wpforms-field-small wpforms-field-required\" name=\"wpforms[fields][17]\" placeholder=\"Geben Sie Ihre Antwort ein...\" aria-errormessage=\"wpforms-8710-field_17-error\" required><\/textarea><\/div><div id=\"wpforms-8710-field_18-container\" class=\"wpforms-field wpforms-field-text\" data-field-id=\"18\"><label class=\"wpforms-field-label\" for=\"wpforms-8710-field_18\">Welche Person oder Abteilung ist in Ihrem Unternehmen f\u00fcr die ISO27001-Compliance und die Auswahl von ISMS-L\u00f6sungen zust\u00e4ndig? <span class=\"wpforms-required-label\" aria-hidden=\"true\">*<\/span><\/label><input type=\"text\" id=\"wpforms-8710-field_18\" class=\"wpforms-field-large wpforms-field-required\" name=\"wpforms[fields][18]\" placeholder=\"Geben Sie Ihre Antwort ein...\" aria-errormessage=\"wpforms-8710-field_18-error\" required><\/div><div id=\"wpforms-8710-field_19-container\" class=\"wpforms-field wpforms-field-hidden\" data-field-id=\"19\"><input type=\"hidden\" id=\"wpforms-8710-field_19\" name=\"wpforms[fields][19]\" value=\"de_DE\"><\/div><\/div><!-- .wpforms-field-container --><div class=\"wpforms-submit-container\" ><input type=\"hidden\" name=\"wpforms[id]\" value=\"8710\"><input type=\"hidden\" name=\"page_title\" value=\"\"><input type=\"hidden\" name=\"page_url\" value=\"https:\/\/pcapital.ch\/de\/wp-json\/wp\/v2\/pages\/8700\"><button type=\"submit\" name=\"wpforms[submit]\" id=\"wpforms-submit-8710\" class=\"wpforms-submit\" aria-live=\"assertive\" value=\"wpforms-submit\">Jetzt Termin vereinbaren!<\/button><\/div><input type=\"hidden\" name=\"trp-form-language\" value=\"de\"\/><\/form><\/div>  <!-- .wpforms-container -->\t\t\t\t<\/div>\n\t\t\t\t<\/div>\n\t\t\t\t<div class=\"elementor-element elementor-element-31e838c elementor-widget__width-initial elementor-widget-tablet__width-inherit elementor-widget elementor-widget-heading\" data-id=\"31e838c\" data-element_type=\"widget\" data-e-type=\"widget\" data-widget_type=\"heading.default\">\n\t\t\t\t<div class=\"elementor-widget-container\">\n\t\t\t\t\t<p class=\"elementor-heading-title elementor-size-default\">Wir senden Ihnen in K\u00fcrze eine Best\u00e4tigungs-E-Mail und anschlie\u00dfend eine weitere E-Mail zur Vereinbarung eines Beratungsgespr\u00e4chs.<\/p>\t\t\t\t<\/div>\n\t\t\t\t<\/div>\n\t\t\t\t\t<\/div>\n\t\t\t\t<\/div>\n\t\t<div class=\"elementor-element elementor-element-e545b37 e-con-full e-flex e-con e-child\" data-id=\"e545b37\" data-element_type=\"container\" data-e-type=\"container\" data-settings=\"{&quot;background_background&quot;:&quot;classic&quot;}\">\n\t\t\t\t<div class=\"elementor-element elementor-element-e33498e elementor-position-inline-start elementor-view-default elementor-mobile-position-block-start elementor-widget elementor-widget-icon-box\" data-id=\"e33498e\" data-element_type=\"widget\" data-e-type=\"widget\" data-widget_type=\"icon-box.default\">\n\t\t\t\t<div class=\"elementor-widget-container\">\n\t\t\t\t\t\t\t<div class=\"elementor-icon-box-wrapper\">\n\n\t\t\t\t\t\t<div class=\"elementor-icon-box-icon\">\n\t\t\t\t<span  class=\"elementor-icon\">\n\t\t\t\t<svg xmlns=\"http:\/\/www.w3.org\/2000\/svg\" xmlns:xlink=\"http:\/\/www.w3.org\/1999\/xlink\" width=\"24\" height=\"24\" viewbox=\"0 0 24 24\" fill=\"none\"><mask id=\"mask0_6055_1106\" style=\"mask-type:alpha\" maskunits=\"userSpaceOnUse\" x=\"0\" y=\"0\" width=\"24\" height=\"24\"><rect width=\"24\" height=\"24\" fill=\"url(#pattern0_6055_1106)\"><\/rect><\/mask><g mask=\"url(#mask0_6055_1106)\"><rect x=\"-3\" y=\"-2\" width=\"30\" height=\"30\" fill=\"white\"><\/rect><\/g><defs><pattern id=\"pattern0_6055_1106\" patterncontentunits=\"objectBoundingBox\" width=\"1\" height=\"1\"><use xlink:href=\"#image0_6055_1106\" transform=\"scale(0.01)\"><\/use><\/pattern><image id=\"image0_6055_1106\" width=\"100\" height=\"100\" preserveaspectratio=\"none\" xlink:href=\"data:image\/png;base64,iVBORw0KGgoAAAANSUhEUgAAAGQAAABkCAYAAABw4pVUAAAACXBIWXMAAAsTAAALEwEAmpwYAAAEVElEQVR4nO2dW4hVVRjHfyoFjtVD2oWeIglCTBCshG4WQi971B6CUkowCJSIxEuaRFbQxSet5nVMoYesCBKtlJiamdRiMHuIqYigHu2lAqfb6I7FfAM10tnrnL33Weus\/f\/B\/+Vc9vr295+11\/WsASGEEKIZzAVWAE8CA8BRYBgYMw3bawP2mRX2HVEhC4BNwCfAn0Depv4AhoCNwHw50zmLgYPAXx2Y8H9y1zoALJIx\/lwHvAlcqNCImbpgZl8rY1rzGPBbjUbM1K\/AozLlYi4H3uqiETPlauQ8GTPFlcDJgGbkpi+Aq5puyjXAtxGYkZvGgatpKFcAp0sk70fgCPAq8LLpNXvtpxLXHbNHaKOYBRzuIFlfA1uAGzzKWAhste+0W857FmNj2NyBEf0dJsl9Z7U9jtop8wkawo02evZJyiSwG7ikgnIvBZ4HznuW\/btnTex5jrYxRlhZQ\/n3tTHWeZ\/EudczEb8Ay2qMY5kZ7hPLXSTMR57zTXd3IZZ7gL894nE1OkkWef5Fbu1iTE95znvdRIK86Dlant3FmFxZpzzicp2B5PjB48aXB4jrdo+4viMxFnrc9McB4xvyiO96EmKDxw0\/GDC+dR7xrSchXi+4WTdQ7AsY3zyP5WE3Z9aY7q5bLw\/NpwUxfkBCfF9ws3tDBwjsa1LD\/nPBzT4eOkCmJhNbxXiWhCiaTHw4dIDAIwUxTpAQRT2YB0IHyFQMRXEmgwyJDBkSGTIkMHNsHeE5YL+HISeAQ4F1wiPO\/baCeafdY0+wJrKtPXlN+gZYRcS4zQR7IkhU3mW9EusOlWciSE4eSE8TGUva2M2Ros4DS4mIdyNISh5Y7xAJl9keprzhmohlB\/3yCJKRR6JbiYDVHoGOJKK8QC4XPTEplyWivAcmSWUIMgTVENUQ9MgifJuhNoTwSZchESQ6kyHhk5vJkPAJzWSIBoZdRyN1NFLP9MiKr4astZPjPrPfoDuN2k57957akC4Z0m+HkE20KO8c8IZ9Vo16jYbcD3zexvrEKdsFo15WTYYc72DR6JgMqaeG7CyxkrdL45DqDfmqhCFnZEi1hjxUcpvRpF2jbBxaMWQqEdtLmDGtbTKkuhryQgWGuGuohlRkyLYKDHFnqMiQCtuQSbUh6fSyvlQvq3pDdpTcnV5FDOpl8d+EHOvAjA8rMkOGcHFC1niebzUtd2K25rJqakMyU7\/N5J5rYYR7b1CzvfU26tkMrbW1j9F\/rYeM2GtVjMr1yKKeJMqQLtWQTIbEtYSbyRAZkhf84en3IagN0SML1RBikR5ZhDdBhhA+8TIkgmRnMiR8gjMZEj6pWeqG6CQH4jrJ4bYKNiCkoluIgL6CtYmmaCKW04Cws6LyhuttIuLmktt0el2TwGIiY1cEickDye2IiY5Z9g+C84bppVhPJZ1mlZ1pmyeucRub9ARz7PTn3XYa9KFENAg8C9zRSydbCyGEEEIIIQQt+AfTETgCX6mHnAAAAABJRU5ErkJggg==\"><\/image><\/defs><\/svg>\t\t\t\t<\/span>\n\t\t\t<\/div>\n\t\t\t\n\t\t\t\t\t\t<div class=\"elementor-icon-box-content\">\n\n\t\t\t\t\t\t\t\t\t<p class=\"elementor-icon-box-title\">\n\t\t\t\t\t\t<span  >\n\t\t\t\t\t\t\tVertraulichkeit garantiert: Ihre Daten sind bei uns in sicheren H\u00e4nden.\t\t\t\t\t\t<\/span>\n\t\t\t\t\t<\/p>\n\t\t\t\t\n\t\t\t\t\n\t\t\t<\/div>\n\t\t\t\n\t\t<\/div>\n\t\t\t\t\t\t<\/div>\n\t\t\t\t<\/div>\n\t\t\t\t<\/div>\n\t\t\t\t<\/div>","protected":false},"excerpt":{"rendered":"<p>Almost There! Let\u2019s Get the Details Right&#8230; Please enable JavaScript in your browser to complete this form.Name *Company Name *Email *Phone Number *What is your company&#039;s current approach to managing ISO27001 compliance? *How often does your company go through ISO27001 audits or recertifications? *What challenges are you facing in maintaining your ISMS? *How much time [&hellip;]<\/p>","protected":false},"author":5,"featured_media":0,"parent":0,"menu_order":0,"comment_status":"closed","ping_status":"closed","template":"elementor_canvas","meta":{"_acf_changed":false,"footnotes":""},"class_list":["post-8700","page","type-page","status-publish","hentry"],"acf":[],"yoast_head":"<!-- This site is optimized with the Yoast SEO plugin v26.9 - https:\/\/yoast.com\/product\/yoast-seo-wordpress\/ -->\n<title>Sentinel - Step 2: The Application - Perpetuum Capital Ltd.<\/title>\n<meta name=\"robots\" content=\"index, follow, max-snippet:-1, max-image-preview:large, max-video-preview:-1\" \/>\n<link rel=\"canonical\" href=\"https:\/\/pcapital.ch\/de\/sentinel-step-2-the-application\/\" \/>\n<meta property=\"og:locale\" content=\"de_DE\" \/>\n<meta property=\"og:type\" content=\"article\" \/>\n<meta property=\"og:title\" content=\"Sentinel - Step 2: The Application - Perpetuum Capital Ltd.\" \/>\n<meta property=\"og:description\" content=\"Almost There! Let\u2019s Get the Details Right&#8230; Please enable JavaScript in your browser to complete this form.Name *Company Name *Email *Phone Number *What is your company&#039;s current approach to managing ISO27001 compliance? *How often does your company go through ISO27001 audits or recertifications? *What challenges are you facing in maintaining your ISMS? *How much time [&hellip;]\" \/>\n<meta property=\"og:url\" content=\"https:\/\/pcapital.ch\/de\/sentinel-step-2-the-application\/\" \/>\n<meta property=\"og:site_name\" content=\"Perpetuum Capital Ltd.\" \/>\n<meta property=\"article:modified_time\" content=\"2025-10-27T06:47:55+00:00\" \/>\n<meta name=\"twitter:card\" content=\"summary_large_image\" \/>\n<meta name=\"twitter:label1\" content=\"Gesch\u00e4tzte Lesezeit\" \/>\n\t<meta name=\"twitter:data1\" content=\"1\u00a0Minute\" \/>\n<script type=\"application\/ld+json\" class=\"yoast-schema-graph\">{\"@context\":\"https:\/\/schema.org\",\"@graph\":[{\"@type\":\"WebPage\",\"@id\":\"https:\/\/pcapital.ch\/sentinel-step-2-the-application\/\",\"url\":\"https:\/\/pcapital.ch\/sentinel-step-2-the-application\/\",\"name\":\"Sentinel - Step 2: The Application - Perpetuum Capital Ltd.\",\"isPartOf\":{\"@id\":\"https:\/\/pcapital.ch\/#website\"},\"datePublished\":\"2025-04-04T09:21:41+00:00\",\"dateModified\":\"2025-10-27T06:47:55+00:00\",\"breadcrumb\":{\"@id\":\"https:\/\/pcapital.ch\/sentinel-step-2-the-application\/#breadcrumb\"},\"inLanguage\":\"de\",\"potentialAction\":[{\"@type\":\"ReadAction\",\"target\":[\"https:\/\/pcapital.ch\/sentinel-step-2-the-application\/\"]}]},{\"@type\":\"BreadcrumbList\",\"@id\":\"https:\/\/pcapital.ch\/sentinel-step-2-the-application\/#breadcrumb\",\"itemListElement\":[{\"@type\":\"ListItem\",\"position\":1,\"name\":\"Home\",\"item\":\"https:\/\/pcapital.ch\/\"},{\"@type\":\"ListItem\",\"position\":2,\"name\":\"Sentinel &#8211; Step 2: The Application\"}]},{\"@type\":\"WebSite\",\"@id\":\"https:\/\/pcapital.ch\/#website\",\"url\":\"https:\/\/pcapital.ch\/\",\"name\":\"Perpetuum Capital Ltd.\",\"description\":\"Building trust. Forging reputations.\",\"publisher\":{\"@id\":\"https:\/\/pcapital.ch\/#organization\"},\"potentialAction\":[{\"@type\":\"SearchAction\",\"target\":{\"@type\":\"EntryPoint\",\"urlTemplate\":\"https:\/\/pcapital.ch\/?s={search_term_string}\"},\"query-input\":{\"@type\":\"PropertyValueSpecification\",\"valueRequired\":true,\"valueName\":\"search_term_string\"}}],\"inLanguage\":\"de\"},{\"@type\":\"Organization\",\"@id\":\"https:\/\/pcapital.ch\/#organization\",\"name\":\"Perpetuum Capital\",\"url\":\"https:\/\/pcapital.ch\/\",\"logo\":{\"@type\":\"ImageObject\",\"inLanguage\":\"de\",\"@id\":\"https:\/\/pcapital.ch\/#\/schema\/logo\/image\/\",\"url\":\"https:\/\/pcapital.ch\/wp-content\/uploads\/2021\/02\/Untitled-2.png\",\"contentUrl\":\"https:\/\/pcapital.ch\/wp-content\/uploads\/2021\/02\/Untitled-2.png\",\"width\":756,\"height\":237,\"caption\":\"Perpetuum Capital\"},\"image\":{\"@id\":\"https:\/\/pcapital.ch\/#\/schema\/logo\/image\/\"}}]}<\/script>\n<!-- \/ Yoast SEO plugin. -->","yoast_head_json":{"title":"Sentinel - Step 2: The Application - Perpetuum Capital Ltd.","robots":{"index":"index","follow":"follow","max-snippet":"max-snippet:-1","max-image-preview":"max-image-preview:large","max-video-preview":"max-video-preview:-1"},"canonical":"https:\/\/pcapital.ch\/de\/sentinel-step-2-the-application\/","og_locale":"de_DE","og_type":"article","og_title":"Sentinel - Step 2: The Application - Perpetuum Capital Ltd.","og_description":"Almost There! Let\u2019s Get the Details Right&#8230; Please enable JavaScript in your browser to complete this form.Name *Company Name *Email *Phone Number *What is your company&#039;s current approach to managing ISO27001 compliance? *How often does your company go through ISO27001 audits or recertifications? *What challenges are you facing in maintaining your ISMS? *How much time [&hellip;]","og_url":"https:\/\/pcapital.ch\/de\/sentinel-step-2-the-application\/","og_site_name":"Perpetuum Capital Ltd.","article_modified_time":"2025-10-27T06:47:55+00:00","twitter_card":"summary_large_image","twitter_misc":{"Gesch\u00e4tzte Lesezeit":"1\u00a0Minute"},"schema":{"@context":"https:\/\/schema.org","@graph":[{"@type":"WebPage","@id":"https:\/\/pcapital.ch\/sentinel-step-2-the-application\/","url":"https:\/\/pcapital.ch\/sentinel-step-2-the-application\/","name":"Sentinel - Step 2: The Application - Perpetuum Capital Ltd.","isPartOf":{"@id":"https:\/\/pcapital.ch\/#website"},"datePublished":"2025-04-04T09:21:41+00:00","dateModified":"2025-10-27T06:47:55+00:00","breadcrumb":{"@id":"https:\/\/pcapital.ch\/sentinel-step-2-the-application\/#breadcrumb"},"inLanguage":"de","potentialAction":[{"@type":"ReadAction","target":["https:\/\/pcapital.ch\/sentinel-step-2-the-application\/"]}]},{"@type":"BreadcrumbList","@id":"https:\/\/pcapital.ch\/sentinel-step-2-the-application\/#breadcrumb","itemListElement":[{"@type":"ListItem","position":1,"name":"Home","item":"https:\/\/pcapital.ch\/"},{"@type":"ListItem","position":2,"name":"Sentinel &#8211; Step 2: The Application"}]},{"@type":"WebSite","@id":"https:\/\/pcapital.ch\/#website","url":"https:\/\/pcapital.ch\/","name":"Perpetuum Capital Ltd.","description":"Vertrauen aufbauen. Reputation sch\u00fctzen.","publisher":{"@id":"https:\/\/pcapital.ch\/#organization"},"potentialAction":[{"@type":"SearchAction","target":{"@type":"EntryPoint","urlTemplate":"https:\/\/pcapital.ch\/?s={search_term_string}"},"query-input":{"@type":"PropertyValueSpecification","valueRequired":true,"valueName":"search_term_string"}}],"inLanguage":"de"},{"@type":"Organization","@id":"https:\/\/pcapital.ch\/#organization","name":"Perpetuum Capital","url":"https:\/\/pcapital.ch\/","logo":{"@type":"ImageObject","inLanguage":"de","@id":"https:\/\/pcapital.ch\/#\/schema\/logo\/image\/","url":"https:\/\/pcapital.ch\/wp-content\/uploads\/2021\/02\/Untitled-2.png","contentUrl":"https:\/\/pcapital.ch\/wp-content\/uploads\/2021\/02\/Untitled-2.png","width":756,"height":237,"caption":"Perpetuum Capital"},"image":{"@id":"https:\/\/pcapital.ch\/#\/schema\/logo\/image\/"}}]}},"_links":{"self":[{"href":"https:\/\/pcapital.ch\/de\/wp-json\/wp\/v2\/pages\/8700","targetHints":{"allow":["GET"]}}],"collection":[{"href":"https:\/\/pcapital.ch\/de\/wp-json\/wp\/v2\/pages"}],"about":[{"href":"https:\/\/pcapital.ch\/de\/wp-json\/wp\/v2\/types\/page"}],"author":[{"embeddable":true,"href":"https:\/\/pcapital.ch\/de\/wp-json\/wp\/v2\/users\/5"}],"replies":[{"embeddable":true,"href":"https:\/\/pcapital.ch\/de\/wp-json\/wp\/v2\/comments?post=8700"}],"version-history":[{"count":20,"href":"https:\/\/pcapital.ch\/de\/wp-json\/wp\/v2\/pages\/8700\/revisions"}],"predecessor-version":[{"id":17359,"href":"https:\/\/pcapital.ch\/de\/wp-json\/wp\/v2\/pages\/8700\/revisions\/17359"}],"wp:attachment":[{"href":"https:\/\/pcapital.ch\/de\/wp-json\/wp\/v2\/media?parent=8700"}],"curies":[{"name":"wp","href":"https:\/\/api.w.org\/{rel}","templated":true}]}}