{"id":6601,"date":"2025-08-09T12:22:22","date_gmt":"2025-08-09T06:52:22","guid":{"rendered":"https:\/\/pcapital.mt\/?post_type=product&#038;p=6601"},"modified":"2026-02-04T15:40:35","modified_gmt":"2026-02-04T10:10:35","slug":"video-training-en-mastering-iso-27001-crafting-polices-for-the-certification","status":"publish","type":"product","link":"https:\/\/pcapital.ch\/de\/produkt\/video-training-en-mastering-iso-27001-crafting-polices-for-the-certification\/","title":{"rendered":"ISO27001 meistern: Richtlinien f\u00fcr die Zertifizierung erstellen"},"content":{"rendered":"<p data-renderer-start-pos=\"437\">Dieses Training ist auf Deutsch.<\/p>\n<p data-renderer-start-pos=\"465\"><strong data-renderer-mark=\"true\">Was lernen Sie<\/strong><\/p>\n<ul class=\"ak-ul\" data-indent-level=\"1\">\n<li>\n<p data-renderer-start-pos=\"486\" class=\" translation-block\"><strong>ISO27001 konforme Policies und Dokumente erstellen:<\/strong> Zertifizierungslevel herstellen &amp; Benchmarks erreichen<\/p>\n<\/li>\n<li>\n<p data-renderer-start-pos=\"582\"><strong data-renderer-mark=\"true\">Auditbereitschaft sicherstellen:<\/strong> Richtig auf Audits vorbereiten, Konformit\u00e4t nachweisen und den Erfolg der (Re)Zertifizierung sicherstellen<\/p>\n<\/li>\n<li>\n<p data-renderer-start-pos=\"695\"><strong data-renderer-mark=\"true\">Risikoorientierte Policygestaltung:<\/strong> Risiken identifizieren und richtig Priorisieren, um eine wirksame Dokumentenentwicklung sicherzustellen.<\/p>\n<\/li>\n<li>\n<p data-renderer-start-pos=\"795\"><strong data-renderer-mark=\"true\">Implementierungsstrategien:<\/strong> Lernen Sie praktische Ans\u00e4tze f\u00fcr die nahtlose Integration und Einhaltung von ISO27001 Anforderungen<\/p>\n<\/li>\n<li>\n<p data-renderer-start-pos=\"910\"><strong data-renderer-mark=\"true\">Kontinuierliche Verbesserung:<\/strong> Kontinuierliche Verbesserung von Ihrem Policy Desk und worauf Sie dabei achten m\u00fcssen<\/p>\n<\/li>\n<\/ul>\n<p data-renderer-start-pos=\"1056\"><strong data-renderer-mark=\"true\">Anforderungen<\/strong><\/p>\n<ul class=\"ak-ul\" data-indent-level=\"1\">\n<li>\n<p data-renderer-start-pos=\"1072\">Keine Vorkenntnisse notwendig! Dieser Kurs richtet sich an Anf\u00e4nger und Unternehmen, die eine ISO27001 Zertifizierung anstreben. Es braucht nicht mehr als Ihre Neugier und Ihr Engagement, um Ihre Informationssicherheitspraktiken zu verbessern<\/p>\n<\/li>\n<\/ul>\n<p data-renderer-start-pos=\"1281\"><strong data-renderer-mark=\"true\">Beschreibung<\/strong><\/p>\n<ul class=\"ak-ul\" data-indent-level=\"1\">\n<li>\n<p data-renderer-start-pos=\"1296\">So meistern Sie ISO27001: Policies, Dokumente und den Zertifizierungsprozess Willkommen zum ultimativen Leitfaden f\u00fcr ISO27001 Compliance! Mein kompakter, aber umfassender Kurs ist speziell darauf ausgerichtet, Sie in nur einer Stunde durch alle notwendigen Policies&amp;Dokumente die f\u00fcr die Erlangung der ISO27001 Zertifizierung notwendig sind, zu f\u00fchren. Egal, ob Sie neu in der Welt der Informationssicherheitsmanagementsysteme (ISMS) sind oder bereits ein erfahrener Profi, dieser Kurs ist gleicherma\u00dfen sinnvoll.<\/p>\n<\/li>\n<\/ul>\n<p data-renderer-start-pos=\"1565\"><strong data-renderer-mark=\"true\">Kursstruktur:<\/strong><\/p>\n<ul class=\"ak-ul\" data-indent-level=\"1\">\n<li>\n<p data-renderer-start-pos=\"1593\"><strong data-renderer-mark=\"true\">ISO27001 konforme Policies und Dokumente erstellen:<\/strong> Entfesseln Sie die Kunst, ISO27001-Richtlinien f\u00fcr eine solide Zertifizierungsgrundlage anzupassen.<\/p>\n<\/li>\n<li>\n<p data-renderer-start-pos=\"1703\"><strong data-renderer-mark=\"true\">Risikoorientierte Policygestaltung:<\/strong> Verbessern Sie Ihre F\u00e4higkeiten bei der Identifizierung und Priorisierung von Risiken und sorgen Sie so f\u00fcr eine effektive Richtlinienentwicklung.<\/p>\n<\/li>\n<li>\n<p data-renderer-start-pos=\"1828\"><strong data-renderer-mark=\"true\">Implementierungsstrategien:<\/strong> Erwerben Sie praktische Ans\u00e4tze f\u00fcr eine nahtlose Richtlinienintegration und stellen Sie die Einhaltung in Ihrem gesamten Unternehmen sicher.<\/p>\n<\/li>\n<li>\n<p data-renderer-start-pos=\"1966\"><strong data-renderer-mark=\"true\">Auditbereitschaft sicherstellen:<\/strong> Meistern Sie Audits souver\u00e4n, weisen Sie die Konformit\u00e4t nach und garantieren Sie den Erfolg der Zertifizierung.<\/p>\n<\/li>\n<li>\n<p data-renderer-start-pos=\"2084\"><strong data-renderer-mark=\"true\">Kontinuierliche Verbesserung:<\/strong> Entwickeln Sie Fachwissen zur kontinuierlichen Verbesserung Ihrer Richtlinien und passen Sie diese an neue Cyberbedrohungen an, um eine nachhaltige Einhaltung der ISO27001-Vorschriften zu gew\u00e4hrleisten.<\/p>\n<\/li>\n<\/ul>\n<p data-renderer-start-pos=\"2230\"><strong data-renderer-mark=\"true\">Warum meinen Kurs w\u00e4hlen?<\/strong><\/p>\n<ul class=\"ak-ul\" data-indent-level=\"1\">\n<li>\n<p data-renderer-start-pos=\"2257\"><strong data-renderer-mark=\"true\">Holistischer Ansatz:<\/strong> Erhalten Sie eine umfassende Sicht auf die ISO27001 Compliance, von den Grundlagen bis zu fortgeschrittenen Strategien.<\/p>\n<\/li>\n<li>\n<p data-renderer-start-pos=\"2428\"><strong data-renderer-mark=\"true\">Leicht verst\u00e4ndlich:<\/strong> Klare, jargonfreie Erkl\u00e4rungen machen den Inhalt f\u00fcr alle zug\u00e4nglich.<\/p>\n<\/li>\n<\/ul>\n<p data-renderer-start-pos=\"2550\"><strong data-renderer-mark=\"true\">Garantie:<\/strong> Wenn Sie meinen Kurs sorgf\u00e4lltig studieren, garantiere ich pers\u00f6nlich, dass Sie f\u00fcr ein einwandfreies ISO27001-Zertifizierungsaudit bereit sind. Verbessern Sie die Cybersicherheit Ihres Unternehmens und sichern Sie gemeinsam mit mir Ihre digitale Zukunft!<br \/>\nMelden Sie sich noch heute an und machen Sie sich bereit f\u00fcr den Erfolg in der dynamischen Landschaft der Informationssicherheit. #ISO27001 #CybersecurityEducation #InfoSecJourney #CertificationSuccess<\/p>\n<p data-renderer-start-pos=\"2949\"><strong data-renderer-mark=\"true\">F\u00fcr wen dieser Kurs geeignet ist:<\/strong><\/p>\n<ul class=\"ak-ul\" data-indent-level=\"1\">\n<li>\n<p data-renderer-start-pos=\"2976\">Unternehmensleiter, die eine ISO27001-Zertifizierung anstreben.<\/p>\n<\/li>\n<li>\n<p data-renderer-start-pos=\"3029\">IT-Experten die robuste Sicherheitsrichtlinien entwickeln m\u00f6chten<\/p>\n<\/li>\n<li>\n<p data-renderer-start-pos=\"3083\">Organisationen, die Informationssicherheit auf h\u00f6chstem Niveau erreichen wollen.<\/p>\n<\/li>\n<li>\n<p data-renderer-start-pos=\"3144\">Egal, ob Sie Anf\u00e4nger oder ein Profi sind, dieser Kurs bef\u00e4higt Sie, den Weg zur ISO27001 Zertifizierung souver\u00e4n zu meistern.<\/p>\n<\/li>\n<\/ul>","protected":false},"excerpt":{"rendered":"<p>ERFAHREN SIE, WIE SIE ISO27001 KONFORME RICHTLINIEN\/POLICIES ERSTELLEN: ZERTIFIZIERUNGSERFOLG GARANTIERT!<\/p>","protected":false},"featured_media":16139,"comment_status":"closed","ping_status":"closed","template":"","meta":{"_acf_changed":false},"product_brand":[],"product_cat":[65],"product_tag":[68,91],"class_list":{"0":"post-6601","1":"product","2":"type-product","3":"status-publish","4":"has-post-thumbnail","6":"product_cat-general","7":"product_tag-training","8":"product_tag-video","10":"first","11":"instock","12":"sale","13":"taxable","14":"shipping-taxable","15":"purchasable","16":"product-type-variable","17":"has-default-attributes"},"acf":[],"yoast_head":"<!-- This site is optimized with the Yoast SEO plugin v26.9 - https:\/\/yoast.com\/product\/yoast-seo-wordpress\/ -->\n<title>Video Training \u2013 Mastering ISO27001: Crafting Polices for certification - Perpetuum Capital Ltd.<\/title>\n<meta name=\"robots\" content=\"index, follow, max-snippet:-1, max-image-preview:large, max-video-preview:-1\" \/>\n<link rel=\"canonical\" href=\"https:\/\/pcapital.ch\/de\/produkt\/video-training-en-mastering-iso-27001-crafting-polices-for-the-certification\/\" \/>\n<meta property=\"og:locale\" content=\"de_DE\" \/>\n<meta property=\"og:type\" content=\"article\" \/>\n<meta property=\"og:title\" content=\"Video Training \u2013 Mastering ISO27001: Crafting Polices for certification - Perpetuum Capital Ltd.\" \/>\n<meta property=\"og:description\" content=\"Gain the skills to create effective ISO27001 policies with our comprehensive video training.\" \/>\n<meta property=\"og:url\" content=\"https:\/\/pcapital.ch\/de\/produkt\/video-training-en-mastering-iso-27001-crafting-polices-for-the-certification\/\" \/>\n<meta property=\"og:site_name\" content=\"Perpetuum Capital Ltd.\" \/>\n<meta property=\"article:modified_time\" content=\"2026-02-04T10:10:35+00:00\" \/>\n<meta property=\"og:image\" content=\"https:\/\/pcapital.ch\/wp-content\/uploads\/2024\/06\/IMG_086.jpg\" \/>\n\t<meta property=\"og:image:width\" content=\"1280\" \/>\n\t<meta property=\"og:image:height\" content=\"800\" \/>\n\t<meta property=\"og:image:type\" content=\"image\/jpeg\" \/>\n<meta name=\"twitter:card\" content=\"summary_large_image\" \/>\n<meta name=\"twitter:label1\" content=\"Gesch\u00e4tzte Lesezeit\" \/>\n\t<meta name=\"twitter:data1\" content=\"2\u00a0Minuten\" \/>\n<script type=\"application\/ld+json\" class=\"yoast-schema-graph\">{\"@context\":\"https:\/\/schema.org\",\"@graph\":[{\"@type\":\"WebPage\",\"@id\":\"https:\/\/pcapital.ch\/product\/video-training-en-mastering-iso-27001-crafting-polices-for-the-certification\/\",\"url\":\"https:\/\/pcapital.ch\/product\/video-training-en-mastering-iso-27001-crafting-polices-for-the-certification\/\",\"name\":\"Video Training \u2013 Mastering ISO27001: Crafting Polices for certification - Perpetuum Capital Ltd.\",\"isPartOf\":{\"@id\":\"https:\/\/pcapital.ch\/#website\"},\"primaryImageOfPage\":{\"@id\":\"https:\/\/pcapital.ch\/product\/video-training-en-mastering-iso-27001-crafting-polices-for-the-certification\/#primaryimage\"},\"image\":{\"@id\":\"https:\/\/pcapital.ch\/product\/video-training-en-mastering-iso-27001-crafting-polices-for-the-certification\/#primaryimage\"},\"thumbnailUrl\":\"https:\/\/pcapital.ch\/wp-content\/uploads\/2024\/06\/IMG_086.jpg\",\"datePublished\":\"2025-08-09T06:52:22+00:00\",\"dateModified\":\"2026-02-04T10:10:35+00:00\",\"breadcrumb\":{\"@id\":\"https:\/\/pcapital.ch\/product\/video-training-en-mastering-iso-27001-crafting-polices-for-the-certification\/#breadcrumb\"},\"inLanguage\":\"de\",\"potentialAction\":[{\"@type\":\"ReadAction\",\"target\":[\"https:\/\/pcapital.ch\/product\/video-training-en-mastering-iso-27001-crafting-polices-for-the-certification\/\"]}]},{\"@type\":\"ImageObject\",\"inLanguage\":\"de\",\"@id\":\"https:\/\/pcapital.ch\/product\/video-training-en-mastering-iso-27001-crafting-polices-for-the-certification\/#primaryimage\",\"url\":\"https:\/\/pcapital.ch\/wp-content\/uploads\/2024\/06\/IMG_086.jpg\",\"contentUrl\":\"https:\/\/pcapital.ch\/wp-content\/uploads\/2024\/06\/IMG_086.jpg\",\"width\":1280,\"height\":800},{\"@type\":\"BreadcrumbList\",\"@id\":\"https:\/\/pcapital.ch\/product\/video-training-en-mastering-iso-27001-crafting-polices-for-the-certification\/#breadcrumb\",\"itemListElement\":[{\"@type\":\"ListItem\",\"position\":1,\"name\":\"Home\",\"item\":\"https:\/\/pcapital.ch\/\"},{\"@type\":\"ListItem\",\"position\":2,\"name\":\"All Products\",\"item\":\"https:\/\/pcapital.ch\/all-products\/\"},{\"@type\":\"ListItem\",\"position\":3,\"name\":\"Video Training \u2013 Mastering ISO27001: Crafting Polices for certification\"}]},{\"@type\":\"WebSite\",\"@id\":\"https:\/\/pcapital.ch\/#website\",\"url\":\"https:\/\/pcapital.ch\/\",\"name\":\"Perpetuum Capital Ltd.\",\"description\":\"Building trust. Forging reputations.\",\"publisher\":{\"@id\":\"https:\/\/pcapital.ch\/#organization\"},\"potentialAction\":[{\"@type\":\"SearchAction\",\"target\":{\"@type\":\"EntryPoint\",\"urlTemplate\":\"https:\/\/pcapital.ch\/?s={search_term_string}\"},\"query-input\":{\"@type\":\"PropertyValueSpecification\",\"valueRequired\":true,\"valueName\":\"search_term_string\"}}],\"inLanguage\":\"de\"},{\"@type\":\"Organization\",\"@id\":\"https:\/\/pcapital.ch\/#organization\",\"name\":\"Perpetuum Capital\",\"url\":\"https:\/\/pcapital.ch\/\",\"logo\":{\"@type\":\"ImageObject\",\"inLanguage\":\"de\",\"@id\":\"https:\/\/pcapital.ch\/#\/schema\/logo\/image\/\",\"url\":\"https:\/\/pcapital.ch\/wp-content\/uploads\/2021\/02\/Untitled-2.png\",\"contentUrl\":\"https:\/\/pcapital.ch\/wp-content\/uploads\/2021\/02\/Untitled-2.png\",\"width\":756,\"height\":237,\"caption\":\"Perpetuum Capital\"},\"image\":{\"@id\":\"https:\/\/pcapital.ch\/#\/schema\/logo\/image\/\"}}]}<\/script>\n<!-- \/ Yoast SEO plugin. -->","yoast_head_json":{"title":"Video Training \u2013 Mastering ISO27001: Crafting Polices for certification - Perpetuum Capital Ltd.","robots":{"index":"index","follow":"follow","max-snippet":"max-snippet:-1","max-image-preview":"max-image-preview:large","max-video-preview":"max-video-preview:-1"},"canonical":"https:\/\/pcapital.ch\/de\/produkt\/video-training-en-mastering-iso-27001-crafting-polices-for-the-certification\/","og_locale":"de_DE","og_type":"article","og_title":"Video Training \u2013 Mastering ISO27001: Crafting Polices for certification - Perpetuum Capital Ltd.","og_description":"Gain the skills to create effective ISO27001 policies with our comprehensive video training.","og_url":"https:\/\/pcapital.ch\/de\/produkt\/video-training-en-mastering-iso-27001-crafting-polices-for-the-certification\/","og_site_name":"Perpetuum Capital Ltd.","article_modified_time":"2026-02-04T10:10:35+00:00","og_image":[{"width":1280,"height":800,"url":"https:\/\/pcapital.ch\/wp-content\/uploads\/2024\/06\/IMG_086.jpg","type":"image\/jpeg"}],"twitter_card":"summary_large_image","twitter_misc":{"Gesch\u00e4tzte Lesezeit":"2\u00a0Minuten"},"schema":{"@context":"https:\/\/schema.org","@graph":[{"@type":"WebPage","@id":"https:\/\/pcapital.ch\/product\/video-training-en-mastering-iso-27001-crafting-polices-for-the-certification\/","url":"https:\/\/pcapital.ch\/product\/video-training-en-mastering-iso-27001-crafting-polices-for-the-certification\/","name":"Video Training \u2013 Mastering ISO27001: Crafting Polices for certification - Perpetuum Capital Ltd.","isPartOf":{"@id":"https:\/\/pcapital.ch\/#website"},"primaryImageOfPage":{"@id":"https:\/\/pcapital.ch\/product\/video-training-en-mastering-iso-27001-crafting-polices-for-the-certification\/#primaryimage"},"image":{"@id":"https:\/\/pcapital.ch\/product\/video-training-en-mastering-iso-27001-crafting-polices-for-the-certification\/#primaryimage"},"thumbnailUrl":"https:\/\/pcapital.ch\/wp-content\/uploads\/2024\/06\/IMG_086.jpg","datePublished":"2025-08-09T06:52:22+00:00","dateModified":"2026-02-04T10:10:35+00:00","breadcrumb":{"@id":"https:\/\/pcapital.ch\/product\/video-training-en-mastering-iso-27001-crafting-polices-for-the-certification\/#breadcrumb"},"inLanguage":"de","potentialAction":[{"@type":"ReadAction","target":["https:\/\/pcapital.ch\/product\/video-training-en-mastering-iso-27001-crafting-polices-for-the-certification\/"]}]},{"@type":"ImageObject","inLanguage":"de","@id":"https:\/\/pcapital.ch\/product\/video-training-en-mastering-iso-27001-crafting-polices-for-the-certification\/#primaryimage","url":"https:\/\/pcapital.ch\/wp-content\/uploads\/2024\/06\/IMG_086.jpg","contentUrl":"https:\/\/pcapital.ch\/wp-content\/uploads\/2024\/06\/IMG_086.jpg","width":1280,"height":800},{"@type":"BreadcrumbList","@id":"https:\/\/pcapital.ch\/product\/video-training-en-mastering-iso-27001-crafting-polices-for-the-certification\/#breadcrumb","itemListElement":[{"@type":"ListItem","position":1,"name":"Home","item":"https:\/\/pcapital.ch\/"},{"@type":"ListItem","position":2,"name":"All Products","item":"https:\/\/pcapital.ch\/all-products\/"},{"@type":"ListItem","position":3,"name":"Video Training \u2013 Mastering ISO27001: Crafting Polices for certification"}]},{"@type":"WebSite","@id":"https:\/\/pcapital.ch\/#website","url":"https:\/\/pcapital.ch\/","name":"Perpetuum Capital Ltd.","description":"Vertrauen aufbauen. Reputation sch\u00fctzen.","publisher":{"@id":"https:\/\/pcapital.ch\/#organization"},"potentialAction":[{"@type":"SearchAction","target":{"@type":"EntryPoint","urlTemplate":"https:\/\/pcapital.ch\/?s={search_term_string}"},"query-input":{"@type":"PropertyValueSpecification","valueRequired":true,"valueName":"search_term_string"}}],"inLanguage":"de"},{"@type":"Organization","@id":"https:\/\/pcapital.ch\/#organization","name":"Perpetuum Capital","url":"https:\/\/pcapital.ch\/","logo":{"@type":"ImageObject","inLanguage":"de","@id":"https:\/\/pcapital.ch\/#\/schema\/logo\/image\/","url":"https:\/\/pcapital.ch\/wp-content\/uploads\/2021\/02\/Untitled-2.png","contentUrl":"https:\/\/pcapital.ch\/wp-content\/uploads\/2021\/02\/Untitled-2.png","width":756,"height":237,"caption":"Perpetuum Capital"},"image":{"@id":"https:\/\/pcapital.ch\/#\/schema\/logo\/image\/"}}]}},"_links":{"self":[{"href":"https:\/\/pcapital.ch\/de\/wp-json\/wp\/v2\/product\/6601","targetHints":{"allow":["GET"]}}],"collection":[{"href":"https:\/\/pcapital.ch\/de\/wp-json\/wp\/v2\/product"}],"about":[{"href":"https:\/\/pcapital.ch\/de\/wp-json\/wp\/v2\/types\/product"}],"replies":[{"embeddable":true,"href":"https:\/\/pcapital.ch\/de\/wp-json\/wp\/v2\/comments?post=6601"}],"wp:featuredmedia":[{"embeddable":true,"href":"https:\/\/pcapital.ch\/de\/wp-json\/wp\/v2\/media\/16139"}],"wp:attachment":[{"href":"https:\/\/pcapital.ch\/de\/wp-json\/wp\/v2\/media?parent=6601"}],"wp:term":[{"taxonomy":"product_brand","embeddable":true,"href":"https:\/\/pcapital.ch\/de\/wp-json\/wp\/v2\/product_brand?post=6601"},{"taxonomy":"product_cat","embeddable":true,"href":"https:\/\/pcapital.ch\/de\/wp-json\/wp\/v2\/product_cat?post=6601"},{"taxonomy":"product_tag","embeddable":true,"href":"https:\/\/pcapital.ch\/de\/wp-json\/wp\/v2\/product_tag?post=6601"}],"curies":[{"name":"wp","href":"https:\/\/api.w.org\/{rel}","templated":true}]}}