{"id":7961,"date":"2025-07-10T15:57:39","date_gmt":"2025-07-10T10:27:39","guid":{"rendered":"https:\/\/pcapital.mt\/?post_type=product&#038;p=7961"},"modified":"2026-02-13T18:17:13","modified_gmt":"2026-02-13T12:47:13","slug":"iso27001-certification-program-which-policies-documents-do-i-need","status":"publish","type":"product","link":"https:\/\/pcapital.ch\/de\/produkt\/iso27001-certification-program-which-policies-documents-do-i-need\/","title":{"rendered":"ISO27001 Zertifizierung: Welche Policies ben\u00f6tige ich?"},"content":{"rendered":"<p data-renderer-start-pos=\"364\">Unser Booklet beantwortet eine der wichtigsten Fragen auf dem Weg zur ISO27001 Zertifizierung: Welche Richtlinien und Dokumente werden wirklich ben\u00f6tigt?<\/p>\n<p data-renderer-start-pos=\"507\">Das Booklet ist in drei \u00fcbersichtliche Teile gegliedert:<\/p>\n<ol class=\"ak-ol\" start=\"1\" data-indent-level=\"1\">\n<li>\n<p data-renderer-start-pos=\"560\"><strong data-renderer-mark=\"true\"><span class=\"fabric-text-color-mark\" data-renderer-mark=\"true\" data-text-custom-color=\"#ff5630\">Das absolute MUSS<\/span>:<\/strong> Die essenziellen Dokumente, ohne die eine Zertifizierung nicht m\u00f6glich ist.<\/p>\n<\/li>\n<li>\n<p data-renderer-start-pos=\"657\"><strong data-renderer-mark=\"true\"><span class=\"fabric-text-color-mark\" data-renderer-mark=\"true\" data-text-custom-color=\"#ff5630\">Policies zum erfolgreichen Managen Ihres ISMS<\/span>:<\/strong> Hier finden Sie die Policies, die Ihnen helfen, Ihr Informationssicherheitsmanagementsystem effizient zu betreiben und zu optimieren.<\/p>\n<\/li>\n<li>\n<p data-renderer-start-pos=\"824\"><strong data-renderer-mark=\"true\"><span class=\"fabric-text-color-mark\" data-renderer-mark=\"true\" data-text-custom-color=\"#ff5630\">Der Feinschliff:<\/span><\/strong> Dokumente und Policies, die Ihr ISMS auf das n\u00e4chste Level heben und zur kontinuierlichen Verbesserung beitragen.<\/p>\n<\/li>\n<\/ol>\n<p data-renderer-start-pos=\"951\">Diese umfassende \u00dcbersicht stellt klar und pr\u00e4zise alle essenziellen Policies zusammen, die f\u00fcr die erfolgreiche Implementierung und Aufrechterhaltung eines ISO 27001-konformen Informationssicherheitsmanagementsystems (ISMS) erforderlich sind. Von Sicherheitsrichtlinien bis hin zu detaillierten Prozessbeschreibungen \u2013 alles in einem praktischen Leitfaden.<\/p>\n<p data-renderer-start-pos=\"1257\">Vorteile auf einen Blick:<\/p>\n<ul class=\"ak-ul\" data-indent-level=\"1\">\n<li>\n<p data-renderer-start-pos=\"1286\"><strong data-renderer-mark=\"true\">Klarheit und Struktur: <\/strong>Erfahren Sie genau, welche Dokumente notwendig sind, um ISO 27001 Standards zu erf\u00fcllen.<\/p>\n<\/li>\n<li>\n<p data-renderer-start-pos=\"1384\"><strong data-renderer-mark=\"true\"><span class=\"fabric-text-color-mark\" data-renderer-mark=\"true\" data-text-custom-color=\"#ff5630\">Zeit sparen:<\/span> <\/strong>Kein m\u00fchsames Recherchieren \u2013 wir haben alles f\u00fcr Sie vorbereitet.<\/p>\n<\/li>\n<li>\n<p data-renderer-start-pos=\"1471\"><strong data-renderer-mark=\"true\">Praxisnah: <\/strong>Die Inhalte sind leicht verst\u00e4ndlich und so aufbereitet, dass sie direkt mit der Umsetzung starten k\u00f6nnen. Jede Policy\/Beschreibung beinhaltet auch genaue Details, woran Sie bei der Erstellung (um was geht es in der Policy konkret) inhaltlich denken m\u00fcssen.<\/p>\n<\/li>\n<\/ul>\n<p data-renderer-start-pos=\"1738\">Diese Brosch\u00fcre ist der perfekte Ausgangspunkt f\u00fcr Unternehmen und Fachleute, die ISO27001 verstehen und erfolgreich implementieren und verwalten m\u00f6chten.<\/p>","protected":false},"excerpt":{"rendered":"<p>Unsere ISO27001 Checkliste hilft Ihnen die richtigen Richtlinien und Dokumente zu erstellen!<\/p>","protected":false},"featured_media":15704,"comment_status":"closed","ping_status":"closed","template":"","meta":{"_acf_changed":false},"product_brand":[],"product_cat":[65],"product_tag":[],"class_list":{"0":"post-7961","1":"product","2":"type-product","3":"status-publish","4":"has-post-thumbnail","6":"product_cat-general","8":"first","9":"instock","10":"sale","11":"taxable","12":"shipping-taxable","13":"purchasable","14":"product-type-variable","15":"has-default-attributes"},"acf":[],"yoast_head":"<!-- This site is optimized with the Yoast SEO plugin v26.9 - https:\/\/yoast.com\/product\/yoast-seo-wordpress\/ -->\n<title>ISO27001 certification\/program - Which policies\/documents do I need? - Perpetuum Capital Ltd.<\/title>\n<meta name=\"robots\" content=\"index, follow, max-snippet:-1, max-image-preview:large, max-video-preview:-1\" \/>\n<link rel=\"canonical\" href=\"https:\/\/pcapital.ch\/de\/produkt\/iso27001-certification-program-which-policies-documents-do-i-need\/\" \/>\n<meta property=\"og:locale\" content=\"de_DE\" \/>\n<meta property=\"og:type\" content=\"article\" \/>\n<meta property=\"og:title\" content=\"ISO27001 certification\/program - Which policies\/documents do I need? - Perpetuum Capital Ltd.\" \/>\n<meta property=\"og:description\" content=\"Achieve ISO27001 certification successfully \u2013 with the right policies and documents!\" \/>\n<meta property=\"og:url\" content=\"https:\/\/pcapital.ch\/de\/produkt\/iso27001-certification-program-which-policies-documents-do-i-need\/\" \/>\n<meta property=\"og:site_name\" content=\"Perpetuum Capital Ltd.\" \/>\n<meta property=\"article:modified_time\" content=\"2026-02-13T12:47:13+00:00\" \/>\n<meta property=\"og:image\" content=\"https:\/\/pcapital.ch\/wp-content\/uploads\/2024\/10\/englishiso1-e1757506941532.png\" \/>\n\t<meta property=\"og:image:width\" content=\"717\" \/>\n\t<meta property=\"og:image:height\" content=\"712\" \/>\n\t<meta property=\"og:image:type\" content=\"image\/png\" \/>\n<meta name=\"twitter:card\" content=\"summary_large_image\" \/>\n<meta name=\"twitter:label1\" content=\"Gesch\u00e4tzte Lesezeit\" \/>\n\t<meta name=\"twitter:data1\" content=\"2\u00a0Minuten\" \/>\n<script type=\"application\/ld+json\" class=\"yoast-schema-graph\">{\"@context\":\"https:\/\/schema.org\",\"@graph\":[{\"@type\":\"WebPage\",\"@id\":\"https:\/\/pcapital.ch\/product\/iso27001-certification-program-which-policies-documents-do-i-need\/\",\"url\":\"https:\/\/pcapital.ch\/product\/iso27001-certification-program-which-policies-documents-do-i-need\/\",\"name\":\"ISO27001 certification\/program - Which policies\/documents do I need? - Perpetuum Capital Ltd.\",\"isPartOf\":{\"@id\":\"https:\/\/pcapital.ch\/#website\"},\"primaryImageOfPage\":{\"@id\":\"https:\/\/pcapital.ch\/product\/iso27001-certification-program-which-policies-documents-do-i-need\/#primaryimage\"},\"image\":{\"@id\":\"https:\/\/pcapital.ch\/product\/iso27001-certification-program-which-policies-documents-do-i-need\/#primaryimage\"},\"thumbnailUrl\":\"https:\/\/pcapital.ch\/wp-content\/uploads\/2024\/10\/englishiso1-e1757506941532.png\",\"datePublished\":\"2025-07-10T10:27:39+00:00\",\"dateModified\":\"2026-02-13T12:47:13+00:00\",\"breadcrumb\":{\"@id\":\"https:\/\/pcapital.ch\/product\/iso27001-certification-program-which-policies-documents-do-i-need\/#breadcrumb\"},\"inLanguage\":\"de\",\"potentialAction\":[{\"@type\":\"ReadAction\",\"target\":[\"https:\/\/pcapital.ch\/product\/iso27001-certification-program-which-policies-documents-do-i-need\/\"]}]},{\"@type\":\"ImageObject\",\"inLanguage\":\"de\",\"@id\":\"https:\/\/pcapital.ch\/product\/iso27001-certification-program-which-policies-documents-do-i-need\/#primaryimage\",\"url\":\"https:\/\/pcapital.ch\/wp-content\/uploads\/2024\/10\/englishiso1-e1757506941532.png\",\"contentUrl\":\"https:\/\/pcapital.ch\/wp-content\/uploads\/2024\/10\/englishiso1-e1757506941532.png\",\"width\":717,\"height\":712},{\"@type\":\"BreadcrumbList\",\"@id\":\"https:\/\/pcapital.ch\/product\/iso27001-certification-program-which-policies-documents-do-i-need\/#breadcrumb\",\"itemListElement\":[{\"@type\":\"ListItem\",\"position\":1,\"name\":\"Home\",\"item\":\"https:\/\/pcapital.ch\/\"},{\"@type\":\"ListItem\",\"position\":2,\"name\":\"All Products\",\"item\":\"https:\/\/pcapital.ch\/all-products\/\"},{\"@type\":\"ListItem\",\"position\":3,\"name\":\"ISO27001 certification\/program &#8211; Which policies\/documents do I need?\"}]},{\"@type\":\"WebSite\",\"@id\":\"https:\/\/pcapital.ch\/#website\",\"url\":\"https:\/\/pcapital.ch\/\",\"name\":\"Perpetuum Capital Ltd.\",\"description\":\"Building trust. Forging reputations.\",\"publisher\":{\"@id\":\"https:\/\/pcapital.ch\/#organization\"},\"potentialAction\":[{\"@type\":\"SearchAction\",\"target\":{\"@type\":\"EntryPoint\",\"urlTemplate\":\"https:\/\/pcapital.ch\/?s={search_term_string}\"},\"query-input\":{\"@type\":\"PropertyValueSpecification\",\"valueRequired\":true,\"valueName\":\"search_term_string\"}}],\"inLanguage\":\"de\"},{\"@type\":\"Organization\",\"@id\":\"https:\/\/pcapital.ch\/#organization\",\"name\":\"Perpetuum Capital\",\"url\":\"https:\/\/pcapital.ch\/\",\"logo\":{\"@type\":\"ImageObject\",\"inLanguage\":\"de\",\"@id\":\"https:\/\/pcapital.ch\/#\/schema\/logo\/image\/\",\"url\":\"https:\/\/pcapital.ch\/wp-content\/uploads\/2021\/02\/Untitled-2.png\",\"contentUrl\":\"https:\/\/pcapital.ch\/wp-content\/uploads\/2021\/02\/Untitled-2.png\",\"width\":756,\"height\":237,\"caption\":\"Perpetuum Capital\"},\"image\":{\"@id\":\"https:\/\/pcapital.ch\/#\/schema\/logo\/image\/\"}}]}<\/script>\n<!-- \/ Yoast SEO plugin. -->","yoast_head_json":{"title":"ISO27001 certification\/program - Which policies\/documents do I need? - Perpetuum Capital Ltd.","robots":{"index":"index","follow":"follow","max-snippet":"max-snippet:-1","max-image-preview":"max-image-preview:large","max-video-preview":"max-video-preview:-1"},"canonical":"https:\/\/pcapital.ch\/de\/produkt\/iso27001-certification-program-which-policies-documents-do-i-need\/","og_locale":"de_DE","og_type":"article","og_title":"ISO27001 certification\/program - Which policies\/documents do I need? - Perpetuum Capital Ltd.","og_description":"Achieve ISO27001 certification successfully \u2013 with the right policies and documents!","og_url":"https:\/\/pcapital.ch\/de\/produkt\/iso27001-certification-program-which-policies-documents-do-i-need\/","og_site_name":"Perpetuum Capital Ltd.","article_modified_time":"2026-02-13T12:47:13+00:00","og_image":[{"width":717,"height":712,"url":"https:\/\/pcapital.ch\/wp-content\/uploads\/2024\/10\/englishiso1-e1757506941532.png","type":"image\/png"}],"twitter_card":"summary_large_image","twitter_misc":{"Gesch\u00e4tzte Lesezeit":"2\u00a0Minuten"},"schema":{"@context":"https:\/\/schema.org","@graph":[{"@type":"WebPage","@id":"https:\/\/pcapital.ch\/product\/iso27001-certification-program-which-policies-documents-do-i-need\/","url":"https:\/\/pcapital.ch\/product\/iso27001-certification-program-which-policies-documents-do-i-need\/","name":"ISO27001 certification\/program - Which policies\/documents do I need? - Perpetuum Capital Ltd.","isPartOf":{"@id":"https:\/\/pcapital.ch\/#website"},"primaryImageOfPage":{"@id":"https:\/\/pcapital.ch\/product\/iso27001-certification-program-which-policies-documents-do-i-need\/#primaryimage"},"image":{"@id":"https:\/\/pcapital.ch\/product\/iso27001-certification-program-which-policies-documents-do-i-need\/#primaryimage"},"thumbnailUrl":"https:\/\/pcapital.ch\/wp-content\/uploads\/2024\/10\/englishiso1-e1757506941532.png","datePublished":"2025-07-10T10:27:39+00:00","dateModified":"2026-02-13T12:47:13+00:00","breadcrumb":{"@id":"https:\/\/pcapital.ch\/product\/iso27001-certification-program-which-policies-documents-do-i-need\/#breadcrumb"},"inLanguage":"de","potentialAction":[{"@type":"ReadAction","target":["https:\/\/pcapital.ch\/product\/iso27001-certification-program-which-policies-documents-do-i-need\/"]}]},{"@type":"ImageObject","inLanguage":"de","@id":"https:\/\/pcapital.ch\/product\/iso27001-certification-program-which-policies-documents-do-i-need\/#primaryimage","url":"https:\/\/pcapital.ch\/wp-content\/uploads\/2024\/10\/englishiso1-e1757506941532.png","contentUrl":"https:\/\/pcapital.ch\/wp-content\/uploads\/2024\/10\/englishiso1-e1757506941532.png","width":717,"height":712},{"@type":"BreadcrumbList","@id":"https:\/\/pcapital.ch\/product\/iso27001-certification-program-which-policies-documents-do-i-need\/#breadcrumb","itemListElement":[{"@type":"ListItem","position":1,"name":"Home","item":"https:\/\/pcapital.ch\/"},{"@type":"ListItem","position":2,"name":"All Products","item":"https:\/\/pcapital.ch\/all-products\/"},{"@type":"ListItem","position":3,"name":"ISO27001 certification\/program &#8211; Which policies\/documents do I need?"}]},{"@type":"WebSite","@id":"https:\/\/pcapital.ch\/#website","url":"https:\/\/pcapital.ch\/","name":"Perpetuum Capital Ltd.","description":"Vertrauen aufbauen. Reputation sch\u00fctzen.","publisher":{"@id":"https:\/\/pcapital.ch\/#organization"},"potentialAction":[{"@type":"SearchAction","target":{"@type":"EntryPoint","urlTemplate":"https:\/\/pcapital.ch\/?s={search_term_string}"},"query-input":{"@type":"PropertyValueSpecification","valueRequired":true,"valueName":"search_term_string"}}],"inLanguage":"de"},{"@type":"Organization","@id":"https:\/\/pcapital.ch\/#organization","name":"Perpetuum Capital","url":"https:\/\/pcapital.ch\/","logo":{"@type":"ImageObject","inLanguage":"de","@id":"https:\/\/pcapital.ch\/#\/schema\/logo\/image\/","url":"https:\/\/pcapital.ch\/wp-content\/uploads\/2021\/02\/Untitled-2.png","contentUrl":"https:\/\/pcapital.ch\/wp-content\/uploads\/2021\/02\/Untitled-2.png","width":756,"height":237,"caption":"Perpetuum Capital"},"image":{"@id":"https:\/\/pcapital.ch\/#\/schema\/logo\/image\/"}}]}},"_links":{"self":[{"href":"https:\/\/pcapital.ch\/de\/wp-json\/wp\/v2\/product\/7961","targetHints":{"allow":["GET"]}}],"collection":[{"href":"https:\/\/pcapital.ch\/de\/wp-json\/wp\/v2\/product"}],"about":[{"href":"https:\/\/pcapital.ch\/de\/wp-json\/wp\/v2\/types\/product"}],"replies":[{"embeddable":true,"href":"https:\/\/pcapital.ch\/de\/wp-json\/wp\/v2\/comments?post=7961"}],"wp:featuredmedia":[{"embeddable":true,"href":"https:\/\/pcapital.ch\/de\/wp-json\/wp\/v2\/media\/15704"}],"wp:attachment":[{"href":"https:\/\/pcapital.ch\/de\/wp-json\/wp\/v2\/media?parent=7961"}],"wp:term":[{"taxonomy":"product_brand","embeddable":true,"href":"https:\/\/pcapital.ch\/de\/wp-json\/wp\/v2\/product_brand?post=7961"},{"taxonomy":"product_cat","embeddable":true,"href":"https:\/\/pcapital.ch\/de\/wp-json\/wp\/v2\/product_cat?post=7961"},{"taxonomy":"product_tag","embeddable":true,"href":"https:\/\/pcapital.ch\/de\/wp-json\/wp\/v2\/product_tag?post=7961"}],"curies":[{"name":"wp","href":"https:\/\/api.w.org\/{rel}","templated":true}]}}