{"id":7983,"date":"2025-08-15T10:54:08","date_gmt":"2025-08-15T05:24:08","guid":{"rendered":"https:\/\/pcapital.mt\/?post_type=product&#038;p=7983"},"modified":"2026-02-03T19:04:54","modified_gmt":"2026-02-03T13:34:54","slug":"statement-of-applicability-soa-version-2022-template-for-iso-27001-compliance","status":"publish","type":"product","link":"https:\/\/pcapital.ch\/de\/produkt\/statement-of-applicability-soa-version-2022-template-for-iso-27001-compliance\/","title":{"rendered":"Vorlage f\u00fcr die Erkl\u00e4rung zur Anwendbarkeit (Version 2022) f\u00fcr ISO27001 Compliance"},"content":{"rendered":"<p data-renderer-start-pos=\"316\">Die Erkl\u00e4rung zur Anwendbarkeit (SoA) ist ein unverzichtbares, obligatorisches Dokument f\u00fcr die ISO27001-Zertifizierung und die fortlaufende Konformit\u00e4t. Es zeigt auf, welche Kontrollen aus Anhang A f\u00fcr Ihr Unternehmen relevant sind und warum. Mit unserer professionell gestalteten SoA-Vorlage nehmen wir Ihnen die Komplexit\u00e4t ab und Sie sparen wertvolle Zeit und M\u00fche.<\/p>\n<p data-renderer-start-pos=\"633\"><strong data-renderer-mark=\"true\">Warum unsere SoA Vorlage w\u00e4hlen?<\/strong><\/p>\n<ul class=\"ak-ul\" data-indent-level=\"1\">\n<li>\n<p data-renderer-start-pos=\"665\"><strong data-renderer-mark=\"true\">Vereinfachte Konformit\u00e4t<\/strong>: Our template is built to meet all ISO27001:2022 requirements, ensuring you have a clear, structured document that covers every necessary control.<\/p>\n<\/li>\n<li>\n<p data-renderer-start-pos=\"839\"><strong data-renderer-mark=\"true\">Leicht anpassbar<\/strong>: Vorab ausgef\u00fcllt mit Richtlinien und Empfehlungen l\u00e4sst sich die Vorlage einfach auf die spezifischen Bed\u00fcrfnisse Ihres Unternehmens zuschneiden.<\/p>\n<\/li>\n<li>\n<p data-renderer-start-pos=\"994\"><strong data-renderer-mark=\"true\">Auditbereit bleiben<\/strong>: Die SoA ist ein wesentlicher Bestandteil von Audits. Mit unserer Vorlage k\u00f6nnen Sie den Pr\u00fcfern ein professionelles, gut organisiertes Dokument pr\u00e4sentieren.<\/p>\n<\/li>\n<li>\n<p data-renderer-start-pos=\"1155\"><strong data-renderer-mark=\"true\">Zeit sparen &amp; Fehler vermeiden<\/strong>: Das manuelle Erstellen einer SoA kann zeitaufwendig und fehleranf\u00e4llig sein. Unsere Vorlage l\u00f6st dieses Problem, indem sie eine vorgefertigte Struktur bietet, die keine R\u00e4tsel aufgibt.<\/p>\n<\/li>\n<\/ul>\n<p data-renderer-start-pos=\"1358\"><strong data-renderer-mark=\"true\">Die wichtigsten \u201ePain Points\u201c, die Sie mit unserer SoA Vorlage auf Anhieb l\u00f6sen<\/strong>:<\/p>\n<ul class=\"ak-ul\" data-indent-level=\"1\">\n<li>\n<p data-renderer-start-pos=\"1391\"><strong data-renderer-mark=\"true\">Complexity of ISO27001 requirements<\/strong>: Unsere Vorlage vereinfacht die Dokumentation relevanter Kontrollen, Cybersecurity-Konzepte und betrieblichen F\u00e4higkeiten.<\/p>\n<\/li>\n<li>\n<p data-renderer-start-pos=\"1552\"><strong data-renderer-mark=\"true\">Zeitintensive Vorbereitung<\/strong>: Sparen Sie Stunden an Arbeit mit einer vororganisierten, leicht editierbaren Vorlage.<\/p>\n<\/li>\n<li>\n<p data-renderer-start-pos=\"1647\"><strong data-renderer-mark=\"true\">Audit-Stress<\/strong>: Seien Sie vollst\u00e4ndig auf Audits vorbereitet mit einer umfassenden und konformen SoA.<\/p>\n<\/li>\n<\/ul>\n<p data-renderer-start-pos=\"1730\">Machen Sie Ihre ISO27001-Zertifizierung- (und Management) einfacher und effizienter mit unserer professionell erstellten SoA-Vorlage.<\/p>","protected":false},"excerpt":{"rendered":"<p>Die Erkl\u00e4rung zur Anwendbarkeit (SoA) ist ein unverzichtbares Dokument in der ISO27001.<\/p>","protected":false},"featured_media":16194,"comment_status":"closed","ping_status":"closed","template":"","meta":{"_acf_changed":false},"product_brand":[],"product_cat":[65],"product_tag":[],"class_list":{"0":"post-7983","1":"product","2":"type-product","3":"status-publish","4":"has-post-thumbnail","6":"product_cat-general","8":"first","9":"instock","10":"sale","11":"taxable","12":"shipping-taxable","13":"purchasable","14":"product-type-variable","15":"has-default-attributes"},"acf":[],"yoast_head":"<!-- This site is optimized with the Yoast SEO plugin v26.9 - https:\/\/yoast.com\/product\/yoast-seo-wordpress\/ -->\n<title>Statement of Applicability (Version 2022) Template for ISO27001 Compliance - Perpetuum Capital Ltd.<\/title>\n<meta name=\"robots\" content=\"index, follow, max-snippet:-1, max-image-preview:large, max-video-preview:-1\" \/>\n<link rel=\"canonical\" href=\"https:\/\/pcapital.ch\/de\/produkt\/statement-of-applicability-soa-version-2022-template-for-iso-27001-compliance\/\" \/>\n<meta property=\"og:locale\" content=\"de_DE\" \/>\n<meta property=\"og:type\" content=\"article\" \/>\n<meta property=\"og:title\" content=\"Statement of Applicability (Version 2022) Template for ISO27001 Compliance - Perpetuum Capital Ltd.\" \/>\n<meta property=\"og:description\" content=\"Unlock effortless ISO27001 compliance with our professionally crafted Statement of Applicability (SoA) template.\" \/>\n<meta property=\"og:url\" content=\"https:\/\/pcapital.ch\/de\/produkt\/statement-of-applicability-soa-version-2022-template-for-iso-27001-compliance\/\" \/>\n<meta property=\"og:site_name\" content=\"Perpetuum Capital Ltd.\" \/>\n<meta property=\"article:modified_time\" content=\"2026-02-03T13:34:54+00:00\" \/>\n<meta property=\"og:image\" content=\"https:\/\/pcapital.ch\/wp-content\/uploads\/2024\/10\/SoA-template-for-ISO-27001_ENG-1.png\" \/>\n\t<meta property=\"og:image:width\" content=\"1200\" \/>\n\t<meta property=\"og:image:height\" content=\"1545\" \/>\n\t<meta property=\"og:image:type\" content=\"image\/png\" \/>\n<meta name=\"twitter:card\" content=\"summary_large_image\" \/>\n<meta name=\"twitter:label1\" content=\"Gesch\u00e4tzte Lesezeit\" \/>\n\t<meta name=\"twitter:data1\" content=\"2\u00a0Minuten\" \/>\n<script type=\"application\/ld+json\" class=\"yoast-schema-graph\">{\"@context\":\"https:\/\/schema.org\",\"@graph\":[{\"@type\":\"WebPage\",\"@id\":\"https:\/\/pcapital.ch\/product\/statement-of-applicability-soa-version-2022-template-for-iso-27001-compliance\/\",\"url\":\"https:\/\/pcapital.ch\/product\/statement-of-applicability-soa-version-2022-template-for-iso-27001-compliance\/\",\"name\":\"Statement of Applicability (Version 2022) Template for ISO27001 Compliance - Perpetuum Capital Ltd.\",\"isPartOf\":{\"@id\":\"https:\/\/pcapital.ch\/#website\"},\"primaryImageOfPage\":{\"@id\":\"https:\/\/pcapital.ch\/product\/statement-of-applicability-soa-version-2022-template-for-iso-27001-compliance\/#primaryimage\"},\"image\":{\"@id\":\"https:\/\/pcapital.ch\/product\/statement-of-applicability-soa-version-2022-template-for-iso-27001-compliance\/#primaryimage\"},\"thumbnailUrl\":\"https:\/\/pcapital.ch\/wp-content\/uploads\/2024\/10\/SoA-template-for-ISO-27001_ENG-1.png\",\"datePublished\":\"2025-08-15T05:24:08+00:00\",\"dateModified\":\"2026-02-03T13:34:54+00:00\",\"breadcrumb\":{\"@id\":\"https:\/\/pcapital.ch\/product\/statement-of-applicability-soa-version-2022-template-for-iso-27001-compliance\/#breadcrumb\"},\"inLanguage\":\"de\",\"potentialAction\":[{\"@type\":\"ReadAction\",\"target\":[\"https:\/\/pcapital.ch\/product\/statement-of-applicability-soa-version-2022-template-for-iso-27001-compliance\/\"]}]},{\"@type\":\"ImageObject\",\"inLanguage\":\"de\",\"@id\":\"https:\/\/pcapital.ch\/product\/statement-of-applicability-soa-version-2022-template-for-iso-27001-compliance\/#primaryimage\",\"url\":\"https:\/\/pcapital.ch\/wp-content\/uploads\/2024\/10\/SoA-template-for-ISO-27001_ENG-1.png\",\"contentUrl\":\"https:\/\/pcapital.ch\/wp-content\/uploads\/2024\/10\/SoA-template-for-ISO-27001_ENG-1.png\",\"width\":1200,\"height\":1545},{\"@type\":\"BreadcrumbList\",\"@id\":\"https:\/\/pcapital.ch\/product\/statement-of-applicability-soa-version-2022-template-for-iso-27001-compliance\/#breadcrumb\",\"itemListElement\":[{\"@type\":\"ListItem\",\"position\":1,\"name\":\"Home\",\"item\":\"https:\/\/pcapital.ch\/\"},{\"@type\":\"ListItem\",\"position\":2,\"name\":\"All Products\",\"item\":\"https:\/\/pcapital.ch\/all-products\/\"},{\"@type\":\"ListItem\",\"position\":3,\"name\":\"Statement of Applicability (Version 2022) Template for ISO27001 Compliance\"}]},{\"@type\":\"WebSite\",\"@id\":\"https:\/\/pcapital.ch\/#website\",\"url\":\"https:\/\/pcapital.ch\/\",\"name\":\"Perpetuum Capital Ltd.\",\"description\":\"Building trust. Forging reputations.\",\"publisher\":{\"@id\":\"https:\/\/pcapital.ch\/#organization\"},\"potentialAction\":[{\"@type\":\"SearchAction\",\"target\":{\"@type\":\"EntryPoint\",\"urlTemplate\":\"https:\/\/pcapital.ch\/?s={search_term_string}\"},\"query-input\":{\"@type\":\"PropertyValueSpecification\",\"valueRequired\":true,\"valueName\":\"search_term_string\"}}],\"inLanguage\":\"de\"},{\"@type\":\"Organization\",\"@id\":\"https:\/\/pcapital.ch\/#organization\",\"name\":\"Perpetuum Capital\",\"url\":\"https:\/\/pcapital.ch\/\",\"logo\":{\"@type\":\"ImageObject\",\"inLanguage\":\"de\",\"@id\":\"https:\/\/pcapital.ch\/#\/schema\/logo\/image\/\",\"url\":\"https:\/\/pcapital.ch\/wp-content\/uploads\/2021\/02\/Untitled-2.png\",\"contentUrl\":\"https:\/\/pcapital.ch\/wp-content\/uploads\/2021\/02\/Untitled-2.png\",\"width\":756,\"height\":237,\"caption\":\"Perpetuum Capital\"},\"image\":{\"@id\":\"https:\/\/pcapital.ch\/#\/schema\/logo\/image\/\"}}]}<\/script>\n<!-- \/ Yoast SEO plugin. -->","yoast_head_json":{"title":"Statement of Applicability (Version 2022) Template for ISO27001 Compliance - Perpetuum Capital Ltd.","robots":{"index":"index","follow":"follow","max-snippet":"max-snippet:-1","max-image-preview":"max-image-preview:large","max-video-preview":"max-video-preview:-1"},"canonical":"https:\/\/pcapital.ch\/de\/produkt\/statement-of-applicability-soa-version-2022-template-for-iso-27001-compliance\/","og_locale":"de_DE","og_type":"article","og_title":"Statement of Applicability (Version 2022) Template for ISO27001 Compliance - Perpetuum Capital Ltd.","og_description":"Unlock effortless ISO27001 compliance with our professionally crafted Statement of Applicability (SoA) template.","og_url":"https:\/\/pcapital.ch\/de\/produkt\/statement-of-applicability-soa-version-2022-template-for-iso-27001-compliance\/","og_site_name":"Perpetuum Capital Ltd.","article_modified_time":"2026-02-03T13:34:54+00:00","og_image":[{"width":1200,"height":1545,"url":"https:\/\/pcapital.ch\/wp-content\/uploads\/2024\/10\/SoA-template-for-ISO-27001_ENG-1.png","type":"image\/png"}],"twitter_card":"summary_large_image","twitter_misc":{"Gesch\u00e4tzte Lesezeit":"2\u00a0Minuten"},"schema":{"@context":"https:\/\/schema.org","@graph":[{"@type":"WebPage","@id":"https:\/\/pcapital.ch\/product\/statement-of-applicability-soa-version-2022-template-for-iso-27001-compliance\/","url":"https:\/\/pcapital.ch\/product\/statement-of-applicability-soa-version-2022-template-for-iso-27001-compliance\/","name":"Statement of Applicability (Version 2022) Template for ISO27001 Compliance - Perpetuum Capital Ltd.","isPartOf":{"@id":"https:\/\/pcapital.ch\/#website"},"primaryImageOfPage":{"@id":"https:\/\/pcapital.ch\/product\/statement-of-applicability-soa-version-2022-template-for-iso-27001-compliance\/#primaryimage"},"image":{"@id":"https:\/\/pcapital.ch\/product\/statement-of-applicability-soa-version-2022-template-for-iso-27001-compliance\/#primaryimage"},"thumbnailUrl":"https:\/\/pcapital.ch\/wp-content\/uploads\/2024\/10\/SoA-template-for-ISO-27001_ENG-1.png","datePublished":"2025-08-15T05:24:08+00:00","dateModified":"2026-02-03T13:34:54+00:00","breadcrumb":{"@id":"https:\/\/pcapital.ch\/product\/statement-of-applicability-soa-version-2022-template-for-iso-27001-compliance\/#breadcrumb"},"inLanguage":"de","potentialAction":[{"@type":"ReadAction","target":["https:\/\/pcapital.ch\/product\/statement-of-applicability-soa-version-2022-template-for-iso-27001-compliance\/"]}]},{"@type":"ImageObject","inLanguage":"de","@id":"https:\/\/pcapital.ch\/product\/statement-of-applicability-soa-version-2022-template-for-iso-27001-compliance\/#primaryimage","url":"https:\/\/pcapital.ch\/wp-content\/uploads\/2024\/10\/SoA-template-for-ISO-27001_ENG-1.png","contentUrl":"https:\/\/pcapital.ch\/wp-content\/uploads\/2024\/10\/SoA-template-for-ISO-27001_ENG-1.png","width":1200,"height":1545},{"@type":"BreadcrumbList","@id":"https:\/\/pcapital.ch\/product\/statement-of-applicability-soa-version-2022-template-for-iso-27001-compliance\/#breadcrumb","itemListElement":[{"@type":"ListItem","position":1,"name":"Home","item":"https:\/\/pcapital.ch\/"},{"@type":"ListItem","position":2,"name":"All Products","item":"https:\/\/pcapital.ch\/all-products\/"},{"@type":"ListItem","position":3,"name":"Statement of Applicability (Version 2022) Template for ISO27001 Compliance"}]},{"@type":"WebSite","@id":"https:\/\/pcapital.ch\/#website","url":"https:\/\/pcapital.ch\/","name":"Perpetuum Capital Ltd.","description":"Vertrauen aufbauen. Reputation sch\u00fctzen.","publisher":{"@id":"https:\/\/pcapital.ch\/#organization"},"potentialAction":[{"@type":"SearchAction","target":{"@type":"EntryPoint","urlTemplate":"https:\/\/pcapital.ch\/?s={search_term_string}"},"query-input":{"@type":"PropertyValueSpecification","valueRequired":true,"valueName":"search_term_string"}}],"inLanguage":"de"},{"@type":"Organization","@id":"https:\/\/pcapital.ch\/#organization","name":"Perpetuum Capital","url":"https:\/\/pcapital.ch\/","logo":{"@type":"ImageObject","inLanguage":"de","@id":"https:\/\/pcapital.ch\/#\/schema\/logo\/image\/","url":"https:\/\/pcapital.ch\/wp-content\/uploads\/2021\/02\/Untitled-2.png","contentUrl":"https:\/\/pcapital.ch\/wp-content\/uploads\/2021\/02\/Untitled-2.png","width":756,"height":237,"caption":"Perpetuum Capital"},"image":{"@id":"https:\/\/pcapital.ch\/#\/schema\/logo\/image\/"}}]}},"_links":{"self":[{"href":"https:\/\/pcapital.ch\/de\/wp-json\/wp\/v2\/product\/7983","targetHints":{"allow":["GET"]}}],"collection":[{"href":"https:\/\/pcapital.ch\/de\/wp-json\/wp\/v2\/product"}],"about":[{"href":"https:\/\/pcapital.ch\/de\/wp-json\/wp\/v2\/types\/product"}],"replies":[{"embeddable":true,"href":"https:\/\/pcapital.ch\/de\/wp-json\/wp\/v2\/comments?post=7983"}],"wp:featuredmedia":[{"embeddable":true,"href":"https:\/\/pcapital.ch\/de\/wp-json\/wp\/v2\/media\/16194"}],"wp:attachment":[{"href":"https:\/\/pcapital.ch\/de\/wp-json\/wp\/v2\/media?parent=7983"}],"wp:term":[{"taxonomy":"product_brand","embeddable":true,"href":"https:\/\/pcapital.ch\/de\/wp-json\/wp\/v2\/product_brand?post=7983"},{"taxonomy":"product_cat","embeddable":true,"href":"https:\/\/pcapital.ch\/de\/wp-json\/wp\/v2\/product_cat?post=7983"},{"taxonomy":"product_tag","embeddable":true,"href":"https:\/\/pcapital.ch\/de\/wp-json\/wp\/v2\/product_tag?post=7983"}],"curies":[{"name":"wp","href":"https:\/\/api.w.org\/{rel}","templated":true}]}}