{"id":8248,"date":"2025-08-14T15:44:08","date_gmt":"2025-08-14T10:14:08","guid":{"rendered":"https:\/\/pcapital.mt\/?post_type=product&#038;p=8248"},"modified":"2026-02-04T15:40:47","modified_gmt":"2026-02-04T10:10:47","slug":"iso27001-policy-templates","status":"publish","type":"product","link":"https:\/\/pcapital.ch\/de\/produkt\/iso27001-policy-templates\/","title":{"rendered":"ISO27001 Policy Vorlagen"},"content":{"rendered":"<p id=\"tw-target-text\" class=\"tw-data-text tw-text-large tw-ta\" dir=\"ltr\" data-placeholder=\"Translation\" data-ved=\"2ahUKEwihlprSi9SJAxWDcGwGHXlfGv0Q3ewLegQICRAW\" aria-label=\"Translated text: Note: The policy template set is only available in English.\"><strong><span class=\"Y2IQFc\" lang=\"en\">***Hinweis: Das Policy-Vorlagenset ist ausschlie\u00dflich in englischer Sprache verf\u00fcgbar.***<\/span><\/strong><\/p>\n<h4 id=\"tw-target-text\" class=\"tw-data-text tw-text-large tw-ta\" dir=\"ltr\" data-placeholder=\"Translation\" data-ved=\"2ahUKEwihlprSi9SJAxWDcGwGHXlfGv0Q3ewLegQICRAW\" aria-label=\"Translated text: ISO27001 Policy Template Set \u2013 Comprehensive and customizable solutions for your ISMS\"><span class=\"Y2IQFc\" lang=\"en\">ISO27001 Policy-Vorlagenset \u2013 Umfassende und anpassbare L\u00f6sungen f\u00fcr Ihr ISMS<\/span><\/h4>\n<p data-renderer-start-pos=\"781\">Die ISO 27001-Zertifizierung ist ein entscheidender Schritt, um das Engagement Ihres Unternehmens f\u00fcr Informationssicherheit zu demonstrieren. Unser ISO27001 Policy-Vorlagenset wurde entwickelt, um diesen Prozess zu vereinfachen, indem es eine umfassende Sammlung von Policies bereitstellt, die die strengen Anforderungen der Norm erf\u00fcllen. Egal, ob Sie von Grund auf beginnen oder Ihr bestehendes Informationssicherheitsmanagementsystem (ISMS) verbessern m\u00f6chten, unsere Vorlagen sind auf Ihre Bed\u00fcrfnisse zugeschnitten.<\/p>\n<h4 id=\"Purchase-options-for-flexibility\" data-renderer-start-pos=\"1246\">Flexible Kaufoptionen<\/h4>\n<p data-renderer-start-pos=\"1280\">Da jedes Unternehmen einzigartig ist, bieten wir unsere Vorlagen in drei verschiedenen Paketen an. Sie k\u00f6nnen entweder einzelne Pakete erwerben, die Ihren aktuellen Anforderungen entsprechen, oder die gesamte Kollektion zu einem erm\u00e4\u00dfigten Preis kaufen, um eine vollst\u00e4ndige Abdeckung f\u00fcr Ihr ISMS zu gew\u00e4hrleisten.<\/p>\n<h4 id=\"Set-1:-The-absolute-essentials\" data-renderer-start-pos=\"1559\">Set 1: Die absoluten Grundlagen<\/h4>\n<p data-renderer-start-pos=\"1591\">Dieses Paket enth\u00e4lt die entscheidenden Dokumente, die f\u00fcr die ISO27001-Zertifizierung unerl\u00e4sslich sind. Ohne diese grundlegenden Policies ist eine Zertifizierung unm\u00f6glich. Dieses Paket stellt sicher, dass Ihr Unternehmen alle erforderlichen Dokumente wie die Informationssicherheitsrichtlinie, die Methodik zur Risikobewertung und die Erkl\u00e4rung zur Anwendbarkeit besitzt.<\/p>\n<h4 id=\"Set-2:-Policies-for-successfully-managing-your-ISMS\" data-renderer-start-pos=\"1950\">Set 2: Richtlinien f\u00fcr das erfolgreiche Management Ihres ISMS<\/h4>\n<p data-renderer-start-pos=\"2003\">Nachdem die Grundlagen abgedeckt sind, besteht der n\u00e4chste Schritt darin, sicherzustellen, dass Ihr ISMS effektiv verwaltet und optimiert wird. Dieses Paket enth\u00e4lt Richtlinien, die den t\u00e4glichen Betrieb und das strategische Management Ihres ISMS leiten. Von den Incidents bis zu Lieferantenbeziehungen helfen diese Dokumente, die Kontrolle und Effizienz in allen Bereichen der Informationssicherheit aufrechtzuerhalten.<\/p>\n<h4 id=\"Set-3:-The-finishing-touch\" data-renderer-start-pos=\"2373\">Set 3: Der Feinschliff<\/h4>\n<p data-renderer-start-pos=\"2401\">F\u00fcr Unternehmen, die \u00fcber die grundlegende Compliance hinausgehen m\u00f6chten, bietet dieses Paket die Werkzeuge, um Ihr ISMS auf ein erstklassiges Niveau zu heben. Diese Richtlinien und Dokumente konzentrieren sich auf kontinuierliche Verbesserung und langfristigen Erfolg. Ob durch interne Audits, Leistungsevaluierungen oder Sicherheitsschulungen \u2013 dieses Set hilft Ihnen, ein reifes und widerstandsf\u00e4higes ISMS zu bauen.<\/p>\n<h4 id=\"Why-choose-our-template-sets?\" data-renderer-start-pos=\"2769\">Warum sollten Sie unsere Vorlagenpakete w\u00e4hlen?<\/h4>\n<ul class=\"ak-ul\" data-indent-level=\"1\">\n<li>\n<p data-renderer-start-pos=\"2802\"><strong data-renderer-mark=\"true\">Zeitersparnis:<\/strong> Sparen Sie sich den langwierigen Prozess, Richtlinien von Grund auf selbst zu erstellen.<\/p>\n<\/li>\n<li>\n<p data-renderer-start-pos=\"2878\"><strong data-renderer-mark=\"true\">Anpassbar:<\/strong> Passen Sie jede Vorlage an die spezifischen Anforderungen und den Kontext Ihres Unternehmens an.<\/p>\n<\/li>\n<li>\n<p data-renderer-start-pos=\"2971\"><strong data-renderer-mark=\"true\">Professionell entwickelt:<\/strong> Von Branchenexperten erstellt, um die Konformit\u00e4t mit ISO27001 zu gew\u00e4hrleisten.<\/p>\n<\/li>\n<li>\n<p data-renderer-start-pos=\"3068\"><strong data-renderer-mark=\"true\">Flexible Kaufoptionen:<\/strong> Erhalten Sie genau die Dokumente, die Sie ben\u00f6tigen \u2013 oder investieren Sie in das komplette Set f\u00fcr eine umfassende ISMS-Unterst\u00fctzung.<\/p>\n<\/li>\n<\/ul>\n<p data-renderer-start-pos=\"3188\">Ob Sie die Zertifizierung anstreben oder Ihre bestehenden Prozesse optimieren m\u00f6chten, unser ISO27001 Policy-Vorlagenpaket bietet die perfekte L\u00f6sung. W\u00e4hlen Sie noch heute das Paket, dass Ihren Bed\u00fcrfnissen entspricht, und machen Sie einen bedeutenden Schritt in Richtung Sicherung der Informationswerte Ihres Unternehmens.<\/p>","protected":false},"excerpt":{"rendered":"<p>Vereinfachen Sie Ihren Weg zur ISO 27001-Zertifizierung mit unserem umfassenden Policy-Vorlagenset.<\/p>","protected":false},"featured_media":16233,"comment_status":"closed","ping_status":"closed","template":"","meta":{"_acf_changed":false},"product_brand":[],"product_cat":[65],"product_tag":[98],"class_list":{"0":"post-8248","1":"product","2":"type-product","3":"status-publish","4":"has-post-thumbnail","6":"product_cat-general","7":"product_tag-policy-templates","9":"first","10":"instock","11":"sale","12":"taxable","13":"shipping-taxable","14":"purchasable","15":"product-type-variable","16":"has-default-attributes"},"acf":[],"yoast_head":"<!-- This site is optimized with the Yoast SEO plugin v26.9 - https:\/\/yoast.com\/product\/yoast-seo-wordpress\/ -->\n<title>ISO27001 Policy Templates - Perpetuum Capital Ltd.<\/title>\n<meta name=\"robots\" content=\"index, follow, max-snippet:-1, max-image-preview:large, max-video-preview:-1\" \/>\n<link rel=\"canonical\" href=\"https:\/\/pcapital.ch\/de\/produkt\/iso27001-policy-templates\/\" \/>\n<meta property=\"og:locale\" content=\"de_DE\" \/>\n<meta property=\"og:type\" content=\"article\" \/>\n<meta property=\"og:title\" content=\"ISO27001 Policy Templates - Perpetuum Capital Ltd.\" \/>\n<meta property=\"og:description\" content=\"Streamline your journey to ISO27001 certification with our comprehensive Policies Template Set.\" \/>\n<meta property=\"og:url\" content=\"https:\/\/pcapital.ch\/de\/produkt\/iso27001-policy-templates\/\" \/>\n<meta property=\"og:site_name\" content=\"Perpetuum Capital Ltd.\" \/>\n<meta property=\"article:modified_time\" content=\"2026-02-04T10:10:47+00:00\" \/>\n<meta property=\"og:image\" content=\"https:\/\/pcapital.ch\/wp-content\/uploads\/2024\/11\/Policy-Templates-ENG-1.png\" \/>\n\t<meta property=\"og:image:width\" content=\"1200\" \/>\n\t<meta property=\"og:image:height\" content=\"1545\" \/>\n\t<meta property=\"og:image:type\" content=\"image\/png\" \/>\n<meta name=\"twitter:card\" content=\"summary_large_image\" \/>\n<meta name=\"twitter:label1\" content=\"Gesch\u00e4tzte Lesezeit\" \/>\n\t<meta name=\"twitter:data1\" content=\"2\u00a0Minuten\" \/>\n<script type=\"application\/ld+json\" class=\"yoast-schema-graph\">{\"@context\":\"https:\/\/schema.org\",\"@graph\":[{\"@type\":\"WebPage\",\"@id\":\"https:\/\/pcapital.ch\/product\/iso27001-policy-templates\/\",\"url\":\"https:\/\/pcapital.ch\/product\/iso27001-policy-templates\/\",\"name\":\"ISO27001 Policy Templates - Perpetuum Capital Ltd.\",\"isPartOf\":{\"@id\":\"https:\/\/pcapital.ch\/#website\"},\"primaryImageOfPage\":{\"@id\":\"https:\/\/pcapital.ch\/product\/iso27001-policy-templates\/#primaryimage\"},\"image\":{\"@id\":\"https:\/\/pcapital.ch\/product\/iso27001-policy-templates\/#primaryimage\"},\"thumbnailUrl\":\"https:\/\/pcapital.ch\/wp-content\/uploads\/2024\/11\/Policy-Templates-ENG-1.png\",\"datePublished\":\"2025-08-14T10:14:08+00:00\",\"dateModified\":\"2026-02-04T10:10:47+00:00\",\"breadcrumb\":{\"@id\":\"https:\/\/pcapital.ch\/product\/iso27001-policy-templates\/#breadcrumb\"},\"inLanguage\":\"de\",\"potentialAction\":[{\"@type\":\"ReadAction\",\"target\":[\"https:\/\/pcapital.ch\/product\/iso27001-policy-templates\/\"]}]},{\"@type\":\"ImageObject\",\"inLanguage\":\"de\",\"@id\":\"https:\/\/pcapital.ch\/product\/iso27001-policy-templates\/#primaryimage\",\"url\":\"https:\/\/pcapital.ch\/wp-content\/uploads\/2024\/11\/Policy-Templates-ENG-1.png\",\"contentUrl\":\"https:\/\/pcapital.ch\/wp-content\/uploads\/2024\/11\/Policy-Templates-ENG-1.png\",\"width\":1200,\"height\":1545},{\"@type\":\"BreadcrumbList\",\"@id\":\"https:\/\/pcapital.ch\/product\/iso27001-policy-templates\/#breadcrumb\",\"itemListElement\":[{\"@type\":\"ListItem\",\"position\":1,\"name\":\"Home\",\"item\":\"https:\/\/pcapital.ch\/\"},{\"@type\":\"ListItem\",\"position\":2,\"name\":\"All Products\",\"item\":\"https:\/\/pcapital.ch\/all-products\/\"},{\"@type\":\"ListItem\",\"position\":3,\"name\":\"ISO27001 Policy Templates\"}]},{\"@type\":\"WebSite\",\"@id\":\"https:\/\/pcapital.ch\/#website\",\"url\":\"https:\/\/pcapital.ch\/\",\"name\":\"Perpetuum Capital Ltd.\",\"description\":\"Building trust. Forging reputations.\",\"publisher\":{\"@id\":\"https:\/\/pcapital.ch\/#organization\"},\"potentialAction\":[{\"@type\":\"SearchAction\",\"target\":{\"@type\":\"EntryPoint\",\"urlTemplate\":\"https:\/\/pcapital.ch\/?s={search_term_string}\"},\"query-input\":{\"@type\":\"PropertyValueSpecification\",\"valueRequired\":true,\"valueName\":\"search_term_string\"}}],\"inLanguage\":\"de\"},{\"@type\":\"Organization\",\"@id\":\"https:\/\/pcapital.ch\/#organization\",\"name\":\"Perpetuum Capital\",\"url\":\"https:\/\/pcapital.ch\/\",\"logo\":{\"@type\":\"ImageObject\",\"inLanguage\":\"de\",\"@id\":\"https:\/\/pcapital.ch\/#\/schema\/logo\/image\/\",\"url\":\"https:\/\/pcapital.ch\/wp-content\/uploads\/2021\/02\/Untitled-2.png\",\"contentUrl\":\"https:\/\/pcapital.ch\/wp-content\/uploads\/2021\/02\/Untitled-2.png\",\"width\":756,\"height\":237,\"caption\":\"Perpetuum Capital\"},\"image\":{\"@id\":\"https:\/\/pcapital.ch\/#\/schema\/logo\/image\/\"}}]}<\/script>\n<!-- \/ Yoast SEO plugin. -->","yoast_head_json":{"title":"ISO27001 Policy Templates - Perpetuum Capital Ltd.","robots":{"index":"index","follow":"follow","max-snippet":"max-snippet:-1","max-image-preview":"max-image-preview:large","max-video-preview":"max-video-preview:-1"},"canonical":"https:\/\/pcapital.ch\/de\/produkt\/iso27001-policy-templates\/","og_locale":"de_DE","og_type":"article","og_title":"ISO27001 Policy Templates - Perpetuum Capital Ltd.","og_description":"Streamline your journey to ISO27001 certification with our comprehensive Policies Template Set.","og_url":"https:\/\/pcapital.ch\/de\/produkt\/iso27001-policy-templates\/","og_site_name":"Perpetuum Capital Ltd.","article_modified_time":"2026-02-04T10:10:47+00:00","og_image":[{"width":1200,"height":1545,"url":"https:\/\/pcapital.ch\/wp-content\/uploads\/2024\/11\/Policy-Templates-ENG-1.png","type":"image\/png"}],"twitter_card":"summary_large_image","twitter_misc":{"Gesch\u00e4tzte Lesezeit":"2\u00a0Minuten"},"schema":{"@context":"https:\/\/schema.org","@graph":[{"@type":"WebPage","@id":"https:\/\/pcapital.ch\/product\/iso27001-policy-templates\/","url":"https:\/\/pcapital.ch\/product\/iso27001-policy-templates\/","name":"ISO27001 Policy Templates - Perpetuum Capital Ltd.","isPartOf":{"@id":"https:\/\/pcapital.ch\/#website"},"primaryImageOfPage":{"@id":"https:\/\/pcapital.ch\/product\/iso27001-policy-templates\/#primaryimage"},"image":{"@id":"https:\/\/pcapital.ch\/product\/iso27001-policy-templates\/#primaryimage"},"thumbnailUrl":"https:\/\/pcapital.ch\/wp-content\/uploads\/2024\/11\/Policy-Templates-ENG-1.png","datePublished":"2025-08-14T10:14:08+00:00","dateModified":"2026-02-04T10:10:47+00:00","breadcrumb":{"@id":"https:\/\/pcapital.ch\/product\/iso27001-policy-templates\/#breadcrumb"},"inLanguage":"de","potentialAction":[{"@type":"ReadAction","target":["https:\/\/pcapital.ch\/product\/iso27001-policy-templates\/"]}]},{"@type":"ImageObject","inLanguage":"de","@id":"https:\/\/pcapital.ch\/product\/iso27001-policy-templates\/#primaryimage","url":"https:\/\/pcapital.ch\/wp-content\/uploads\/2024\/11\/Policy-Templates-ENG-1.png","contentUrl":"https:\/\/pcapital.ch\/wp-content\/uploads\/2024\/11\/Policy-Templates-ENG-1.png","width":1200,"height":1545},{"@type":"BreadcrumbList","@id":"https:\/\/pcapital.ch\/product\/iso27001-policy-templates\/#breadcrumb","itemListElement":[{"@type":"ListItem","position":1,"name":"Home","item":"https:\/\/pcapital.ch\/"},{"@type":"ListItem","position":2,"name":"All Products","item":"https:\/\/pcapital.ch\/all-products\/"},{"@type":"ListItem","position":3,"name":"ISO27001 Policy Templates"}]},{"@type":"WebSite","@id":"https:\/\/pcapital.ch\/#website","url":"https:\/\/pcapital.ch\/","name":"Perpetuum Capital Ltd.","description":"Vertrauen aufbauen. Reputation sch\u00fctzen.","publisher":{"@id":"https:\/\/pcapital.ch\/#organization"},"potentialAction":[{"@type":"SearchAction","target":{"@type":"EntryPoint","urlTemplate":"https:\/\/pcapital.ch\/?s={search_term_string}"},"query-input":{"@type":"PropertyValueSpecification","valueRequired":true,"valueName":"search_term_string"}}],"inLanguage":"de"},{"@type":"Organization","@id":"https:\/\/pcapital.ch\/#organization","name":"Perpetuum Capital","url":"https:\/\/pcapital.ch\/","logo":{"@type":"ImageObject","inLanguage":"de","@id":"https:\/\/pcapital.ch\/#\/schema\/logo\/image\/","url":"https:\/\/pcapital.ch\/wp-content\/uploads\/2021\/02\/Untitled-2.png","contentUrl":"https:\/\/pcapital.ch\/wp-content\/uploads\/2021\/02\/Untitled-2.png","width":756,"height":237,"caption":"Perpetuum Capital"},"image":{"@id":"https:\/\/pcapital.ch\/#\/schema\/logo\/image\/"}}]}},"_links":{"self":[{"href":"https:\/\/pcapital.ch\/de\/wp-json\/wp\/v2\/product\/8248","targetHints":{"allow":["GET"]}}],"collection":[{"href":"https:\/\/pcapital.ch\/de\/wp-json\/wp\/v2\/product"}],"about":[{"href":"https:\/\/pcapital.ch\/de\/wp-json\/wp\/v2\/types\/product"}],"replies":[{"embeddable":true,"href":"https:\/\/pcapital.ch\/de\/wp-json\/wp\/v2\/comments?post=8248"}],"wp:featuredmedia":[{"embeddable":true,"href":"https:\/\/pcapital.ch\/de\/wp-json\/wp\/v2\/media\/16233"}],"wp:attachment":[{"href":"https:\/\/pcapital.ch\/de\/wp-json\/wp\/v2\/media?parent=8248"}],"wp:term":[{"taxonomy":"product_brand","embeddable":true,"href":"https:\/\/pcapital.ch\/de\/wp-json\/wp\/v2\/product_brand?post=8248"},{"taxonomy":"product_cat","embeddable":true,"href":"https:\/\/pcapital.ch\/de\/wp-json\/wp\/v2\/product_cat?post=8248"},{"taxonomy":"product_tag","embeddable":true,"href":"https:\/\/pcapital.ch\/de\/wp-json\/wp\/v2\/product_tag?post=8248"}],"curies":[{"name":"wp","href":"https:\/\/api.w.org\/{rel}","templated":true}]}}